{"id":8707,"date":"2025-01-28T18:29:47","date_gmt":"2025-01-28T18:29:47","guid":{"rendered":"https:\/\/chcestore.com\/pizama-kiss-2\/"},"modified":"2026-02-11T07:26:28","modified_gmt":"2026-02-11T07:26:28","slug":"pizama-kiss-2","status":"publish","type":"product","link":"https:\/\/chcestore.com\/en\/pizama-kiss-2\/","title":{"rendered":"Pi\u017cama Kiss S\/M"},"content":{"rendered":"<h2>Przepi\u0119kny 2-cz\u0119\u015bciowy komplet Kiss<\/h2>\n<h3><b>Jako\u015b\u0107 premium, 100% bawe\u0142na, <\/b>zapewnia mi\u0119kko\u015b\u0107 i naturalne odczucie na sk\u00f3rze.<\/h3>\n<p><span dir=\"auto\" style=\"vertical-align: inherit;\"><span dir=\"auto\" style=\"vertical-align: inherit;\"><span dir=\"auto\" style=\"vertical-align: inherit;\"><span dir=\"auto\" style=\"vertical-align: inherit;\">Wymiary <\/span><\/span><\/span><\/span><b><span dir=\"auto\" style=\"vertical-align: inherit;\"><span dir=\"auto\" style=\"vertical-align: inherit;\"><span dir=\"auto\" style=\"vertical-align: inherit;\"><span dir=\"auto\" style=\"vertical-align: inherit;\">\u00a0S\/M:<\/span><\/span><\/span><\/span><\/b><\/p>\n<p><span dir=\"auto\" style=\"vertical-align: inherit;\"><span dir=\"auto\" style=\"vertical-align: inherit;\"><span dir=\"auto\" style=\"vertical-align: inherit;\"><span dir=\"auto\" style=\"vertical-align: inherit;\">\ud83c\udf80talia: <\/span><\/span><\/span><\/span><b><span dir=\"auto\" style=\"vertical-align: inherit;\"><span dir=\"auto\" style=\"vertical-align: inherit;\"><span dir=\"auto\" style=\"vertical-align: inherit;\"><span dir=\"auto\" style=\"vertical-align: inherit;\">62\/70<\/span><\/span><\/span><\/span><\/b><span dir=\"auto\" style=\"vertical-align: inherit;\"><span dir=\"auto\" style=\"vertical-align: inherit;\"><span dir=\"auto\" style=\"vertical-align: inherit;\"><span dir=\"auto\" style=\"vertical-align: inherit;\"> cm<\/span><\/span><\/span><\/span><\/p>\n<p><span dir=\"auto\" style=\"vertical-align: inherit;\"><span dir=\"auto\" style=\"vertical-align: inherit;\"><span dir=\"auto\" style=\"vertical-align: inherit;\"><span dir=\"auto\" style=\"vertical-align: inherit;\">\ud83c\udf80obw\u00f3d klatki piersiowej: <\/span><\/span><\/span><\/span><b><span dir=\"auto\" style=\"vertical-align: inherit;\"><span dir=\"auto\" style=\"vertical-align: inherit;\"><span dir=\"auto\" style=\"vertical-align: inherit;\"><span dir=\"auto\" style=\"vertical-align: inherit;\">85\/95<\/span><\/span><\/span><\/span><\/b><span dir=\"auto\" style=\"vertical-align: inherit;\"><span dir=\"auto\" style=\"vertical-align: inherit;\"><span dir=\"auto\" style=\"vertical-align: inherit;\"><span dir=\"auto\" style=\"vertical-align: inherit;\"> cm<\/span><\/span><\/span><\/span><\/p>\n<p><span dir=\"auto\" style=\"vertical-align: inherit;\"><span dir=\"auto\" style=\"vertical-align: inherit;\"><span dir=\"auto\" style=\"vertical-align: inherit;\"><span dir=\"auto\" style=\"vertical-align: inherit;\">\ud83c\udf80obw\u00f3d bioder: <\/span><\/span><\/span><\/span><b><span dir=\"auto\" style=\"vertical-align: inherit;\"><span dir=\"auto\" style=\"vertical-align: inherit;\"><span dir=\"auto\" style=\"vertical-align: inherit;\"><span dir=\"auto\" style=\"vertical-align: inherit;\">90\/98<\/span><\/span><\/span><\/span><\/b><span dir=\"auto\" style=\"vertical-align: inherit;\"><span dir=\"auto\" style=\"vertical-align: inherit;\"><span dir=\"auto\" style=\"vertical-align: inherit;\"><span dir=\"auto\" style=\"vertical-align: inherit;\"> cm<\/span><\/span><\/span><\/span><\/p>\n<p>Modelka ma wzrost 171 cm<\/p>\n<p><b>Wygoda: <\/b>Lekki i oddychaj\u0105cy materia\u0142.<\/p>\n<p>Ten zestaw stanie si\u0119 Twoim niezawodnym towarzyszem w codziennym \u017cyciu, zapewniaj\u0105c poczucie komfortu i pewno\u015bci w ka\u017cdej sytuacji. Wybierz ten zestaw do domu i spacer\u00f3w, do\u0142\u0105czaj\u0105c do tych, kt\u00f3re ju\u017c doceni\u0142y jego zalety!<\/p>\n<p><b>\ud83e\udd0dPoczuj si\u0119 sob\u0105!<\/b><\/p>\n","protected":false},"excerpt":{"rendered":"<p>Komplet Kiss<\/p>\n<p><b>Jako\u015b\u0107 premium, 100% bawe\u0142na, <\/b>zapewnia mi\u0119kko\u015b\u0107 i naturalne odczucie na sk\u00f3rze.<\/p>\n<p><b>Wygoda: <\/b>Lekki i oddychaj\u0105cy materia\u0142.<\/p>\n","protected":false},"featured_media":8402,"comment_status":"open","ping_status":"closed","template":"","meta":[],"product_brand":[],"product_cat":[65,80,20],"product_tag":[],"class_list":{"0":"post-8707","1":"product","2":"type-product","3":"status-publish","4":"has-post-thumbnail","6":"product_cat-bestsellery","7":"product_cat-komplety","8":"product_cat-pizamy","10":"first","11":"outofstock","12":"featured","13":"shipping-taxable","14":"purchasable","15":"product-type-simple"},"_links":{"self":[{"href":"https:\/\/chcestore.com\/en\/wp-json\/wp\/v2\/product\/8707","targetHints":{"allow":["GET"]}}],"collection":[{"href":"https:\/\/chcestore.com\/en\/wp-json\/wp\/v2\/product"}],"about":[{"href":"https:\/\/chcestore.com\/en\/wp-json\/wp\/v2\/types\/product"}],"replies":[{"embeddable":true,"href":"https:\/\/chcestore.com\/en\/wp-json\/wp\/v2\/comments?post=8707"}],"version-history":[{"count":1,"href":"https:\/\/chcestore.com\/en\/wp-json\/wp\/v2\/product\/8707\/revisions"}],"predecessor-version":[{"id":8781,"href":"https:\/\/chcestore.com\/en\/wp-json\/wp\/v2\/product\/8707\/revisions\/8781"}],"wp:featuredmedia":[{"embeddable":true,"href":"https:\/\/chcestore.com\/en\/wp-json\/wp\/v2\/media\/8402"}],"wp:attachment":[{"href":"https:\/\/chcestore.com\/en\/wp-json\/wp\/v2\/media?parent=8707"}],"wp:term":[{"taxonomy":"product_brand","embeddable":true,"href":"https:\/\/chcestore.com\/en\/wp-json\/wp\/v2\/product_brand?post=8707"},{"taxonomy":"product_cat","embeddable":true,"href":"https:\/\/chcestore.com\/en\/wp-json\/wp\/v2\/product_cat?post=8707"},{"taxonomy":"product_tag","embeddable":true,"href":"https:\/\/chcestore.com\/en\/wp-json\/wp\/v2\/product_tag?post=8707"}],"curies":[{"name":"wp","href":"https:\/\/api.w.org\/{rel}","templated":true}]}}