{"id":8705,"date":"2025-01-29T09:23:44","date_gmt":"2025-01-29T09:23:44","guid":{"rendered":"https:\/\/chcestore.com\/pizama-tenderness-m-l\/"},"modified":"2025-01-29T09:23:44","modified_gmt":"2025-01-29T09:23:44","slug":"pizama-tenderness-m-l","status":"publish","type":"product","link":"https:\/\/chcestore.com\/en\/pizama-tenderness-m-l\/","title":{"rendered":"Pi\u017cama Tenderness M\/L"},"content":{"rendered":"<h2>Przepi\u0119kny 2-cz\u0119\u015bciowy komplet Tenderness<\/h2>\n<h3><b>Jako\u015b\u0107 premium, 100% bawe\u0142na, <\/b>zapewnia mi\u0119kko\u015b\u0107 i naturalne odczucie na sk\u00f3rze.<\/h3>\n<p>Rozmiar<b> M\/L:<\/b><\/p>\n<p>\ud83c\udf80talia: <b>65\/75<\/b>\u00a0cm.<\/p>\n<p>\ud83c\udf80obw\u00f3d klatki piersiowej:<b> 90\/100<\/b>\u00a0cm.<\/p>\n<p>\ud83c\udf80obw\u00f3d bioder: <b>94\/105<\/b>\u00a0cm.<\/p>\n<p>Modelka ma wzrost 171 cm<\/p>\n<p><b>Wygoda: <\/b>Lekki i oddychaj\u0105cy materia\u0142.<\/p>\n<p>Ten zestaw stanie si\u0119 Twoim niezawodnym towarzyszem w codziennym \u017cyciu, zapewniaj\u0105c poczucie komfortu i pewno\u015bci w ka\u017cdej sytuacji. Wybierz ten zestaw do domu i spacer\u00f3w, do\u0142\u0105czaj\u0105c do tych, kt\u00f3re ju\u017c doceni\u0142y jego zalety!<\/p>\n<p><b>\ud83e\udd0dPoczuj si\u0119 sob\u0105!<\/b><\/p>\n","protected":false},"excerpt":{"rendered":"<p>Komplet Tenderness<\/p>\n<p><b>Jako\u015b\u0107 premium, 100% bawe\u0142na, <\/b>zapewnia mi\u0119kko\u015b\u0107 i naturalne odczucie na sk\u00f3rze.<\/p>\n<p><b>Wygoda: <\/b>Lekki i oddychaj\u0105cy materia\u0142.<\/p>\n","protected":false},"featured_media":8696,"comment_status":"open","ping_status":"closed","template":"","meta":[],"product_brand":[],"product_cat":[104,101,63],"product_tag":[],"class_list":{"0":"post-8705","1":"product","2":"type-product","3":"status-publish","4":"has-post-thumbnail","6":"product_cat-bestsellery-en","7":"product_cat-komplety-en","8":"product_cat-63","10":"first","11":"instock","12":"featured","13":"shipping-taxable","14":"purchasable","15":"product-type-simple"},"_links":{"self":[{"href":"https:\/\/chcestore.com\/en\/wp-json\/wp\/v2\/product\/8705","targetHints":{"allow":["GET"]}}],"collection":[{"href":"https:\/\/chcestore.com\/en\/wp-json\/wp\/v2\/product"}],"about":[{"href":"https:\/\/chcestore.com\/en\/wp-json\/wp\/v2\/types\/product"}],"replies":[{"embeddable":true,"href":"https:\/\/chcestore.com\/en\/wp-json\/wp\/v2\/comments?post=8705"}],"version-history":[{"count":0,"href":"https:\/\/chcestore.com\/en\/wp-json\/wp\/v2\/product\/8705\/revisions"}],"wp:featuredmedia":[{"embeddable":true,"href":"https:\/\/chcestore.com\/en\/wp-json\/wp\/v2\/media\/8696"}],"wp:attachment":[{"href":"https:\/\/chcestore.com\/en\/wp-json\/wp\/v2\/media?parent=8705"}],"wp:term":[{"taxonomy":"product_brand","embeddable":true,"href":"https:\/\/chcestore.com\/en\/wp-json\/wp\/v2\/product_brand?post=8705"},{"taxonomy":"product_cat","embeddable":true,"href":"https:\/\/chcestore.com\/en\/wp-json\/wp\/v2\/product_cat?post=8705"},{"taxonomy":"product_tag","embeddable":true,"href":"https:\/\/chcestore.com\/en\/wp-json\/wp\/v2\/product_tag?post=8705"}],"curies":[{"name":"wp","href":"https:\/\/api.w.org\/{rel}","templated":true}]}}