{"id":8691,"date":"2025-01-29T09:31:05","date_gmt":"2025-01-29T09:31:05","guid":{"rendered":"https:\/\/chcestore.com\/pizama-chloe-xs-s\/"},"modified":"2025-01-29T09:31:05","modified_gmt":"2025-01-29T09:31:05","slug":"pizama-chloe-xs-s","status":"publish","type":"product","link":"https:\/\/chcestore.com\/en\/pizama-chloe-xs-s\/","title":{"rendered":"Pi\u017cama Chloe S\/M"},"content":{"rendered":"<h2>\u015aliczny 2-cz\u0119\u015bciowy komplet\/pi\u017cama Chloe<\/h2>\n<p><b>Jako\u015b\u0107 premium, 100% bawe\u0142na, <\/b>zapewnia mi\u0119kko\u015b\u0107 i naturalne odczucie na sk\u00f3rze. Wysoka jako\u015b\u0107 tkaniny. \u00a0Bawe\u0142na zapewnia sk\u00f3rze dost\u0119p powietrza i bardzo dobrze odprowadza wilgo\u0107.<\/p>\n<p>Wymiary<b> S\/M:<\/b><\/p>\n<p>\ud83c\udf80talia: <b>62\/70<\/b> cm.<\/p>\n<p>\ud83c\udf80obw\u00f3d klatki piersiowej:\u00a0<b>85\/95<\/b> cm.<\/p>\n<p>\ud83c\udf80obw\u00f3d bioder: <b>90\/98<\/b> cm.<\/p>\n<p>Modelka ma wzrost 171 cm<\/p>\n<p><b>Wygoda: <\/b>Lekki i oddychaj\u0105cy materia\u0142.<\/p>\n<p>Ten zestaw stanie si\u0119 Twoim niezawodnym towarzyszem w codziennym \u017cyciu, zapewniaj\u0105c poczucie komfortu i pewno\u015bci w ka\u017cdej sytuacji. Wybierz ten zestaw do domu i spacer\u00f3w, do\u0142\u0105czaj\u0105c do tych, kt\u00f3re ju\u017c doceni\u0142y jego zalety!<\/p>\n<p><b>\ud83e\udd0dPoczuj si\u0119 sob\u0105!<\/b><\/p>\n","protected":false},"excerpt":{"rendered":"<p>\u015aliczny 2-cz\u0119\u015bciowy komplet\/pi\u017cama Chloe<\/p>\n<p><b>Jako\u015b\u0107 premium, 100% bawe\u0142na, <\/b>zapewnia mi\u0119kko\u015b\u0107 i naturalne odczucie na sk\u00f3rze. Wysoka jako\u015b\u0107 tkaniny. \u00a0Bawe\u0142na zapewnia sk\u00f3rze dost\u0119p powietrza i bardzo dobrze odprowadza wilgo\u0107.<\/p>\n<p><b>Wygoda: <\/b>Lekki i oddychaj\u0105cy materia\u0142.<\/p>\n","protected":false},"featured_media":8692,"comment_status":"open","ping_status":"closed","template":"","meta":[],"product_brand":[],"product_cat":[104,63],"product_tag":[],"class_list":{"0":"post-8691","1":"product","2":"type-product","3":"status-publish","4":"has-post-thumbnail","6":"product_cat-bestsellery-en","7":"product_cat-63","9":"first","10":"outofstock","11":"shipping-taxable","12":"purchasable","13":"product-type-simple"},"_links":{"self":[{"href":"https:\/\/chcestore.com\/en\/wp-json\/wp\/v2\/product\/8691","targetHints":{"allow":["GET"]}}],"collection":[{"href":"https:\/\/chcestore.com\/en\/wp-json\/wp\/v2\/product"}],"about":[{"href":"https:\/\/chcestore.com\/en\/wp-json\/wp\/v2\/types\/product"}],"replies":[{"embeddable":true,"href":"https:\/\/chcestore.com\/en\/wp-json\/wp\/v2\/comments?post=8691"}],"version-history":[{"count":0,"href":"https:\/\/chcestore.com\/en\/wp-json\/wp\/v2\/product\/8691\/revisions"}],"wp:featuredmedia":[{"embeddable":true,"href":"https:\/\/chcestore.com\/en\/wp-json\/wp\/v2\/media\/8692"}],"wp:attachment":[{"href":"https:\/\/chcestore.com\/en\/wp-json\/wp\/v2\/media?parent=8691"}],"wp:term":[{"taxonomy":"product_brand","embeddable":true,"href":"https:\/\/chcestore.com\/en\/wp-json\/wp\/v2\/product_brand?post=8691"},{"taxonomy":"product_cat","embeddable":true,"href":"https:\/\/chcestore.com\/en\/wp-json\/wp\/v2\/product_cat?post=8691"},{"taxonomy":"product_tag","embeddable":true,"href":"https:\/\/chcestore.com\/en\/wp-json\/wp\/v2\/product_tag?post=8691"}],"curies":[{"name":"wp","href":"https:\/\/api.w.org\/{rel}","templated":true}]}}