{"id":8674,"date":"2025-01-29T14:55:09","date_gmt":"2025-01-29T14:55:09","guid":{"rendered":"https:\/\/chcestore.com\/pizama-lally-m-l\/"},"modified":"2026-02-02T11:07:23","modified_gmt":"2026-02-02T11:07:23","slug":"pizama-lally-m-l","status":"publish","type":"product","link":"https:\/\/chcestore.com\/en\/pizama-lally-m-l\/","title":{"rendered":"Pi\u017cama Lally M\/L"},"content":{"rendered":"<h2>Stylowa 2-cz\u0119\u015bciowa pi\u017cama\/komplet mu\u015blinowa Lally<\/h2>\n<p><b>Jako\u015b\u0107 premium<\/b>. Materia\u0142: <b>100% bawe\u0142na<\/b>. Zanurz si\u0119 w delikatno\u015b\u0107 i komfort dzi\u0119ki naszym oversize pi\u017camom, kt\u00f3re otul\u0105 Ci\u0119 wygod\u0105 i stylem. Wykonana z <b>najlepszych materia\u0142\u00f3w<\/b>, \u0142\u0105cz\u0105 w sobie <b>mi\u0119kko\u015b\u0107 <\/b>i <b>lekko\u015b\u0107<\/b> z ciep\u0142em oraz przytulno\u015bci\u0105 Twojego ulubionego stroju do spania.<\/p>\n<p>Wymiary<b> M\/L:<\/b><\/p>\n<p>\ud83c\udf80talia: <b>75\/80<\/b>\u00a0cm.<\/p>\n<p>\ud83c\udf80obw\u00f3d klatki piersiowej: <b>95\/100<\/b>\u00a0cm.<\/p>\n<p>\ud83c\udf80obw\u00f3d bioder: <b>102\/105<\/b>\u00a0cm.<\/p>\n<p>Modelka ma wzrost 171 cm<\/p>\n<p><b>Wygoda: <\/b>Lekki i oddychaj\u0105cy materia\u0142.<\/p>\n<p>Wyrafinowany design i niezr\u00f3wnany komfort sprawi\u0105, \u017ce ka\u017cdy Tw\u00f3j dzie\u0144 b\u0119dzie wyj\u0105tkowy. Pozw\u00f3l sobie zanurzy\u0107 si\u0119 w \u015bwiat marze\u0144 i relaksu z naszymi pi\u017camami.<\/p>\n<p><b>\ud83e\udd0dPoczuj si\u0119 sob\u0105!<\/b><\/p>\n","protected":false},"excerpt":{"rendered":"<p>Stylowa 2-cz\u0119\u015bciowa pi\u017cama\/komplet mu\u015blinowa Lally<\/p>\n<p><b>Jako\u015b\u0107 premium<\/b>. Materia\u0142: <b>100% bawe\u0142na<\/b>. Zanurz si\u0119 w delikatno\u015b\u0107 i komfort dzi\u0119ki naszym oversize pi\u017camom, kt\u00f3re otul\u0105 Ci\u0119 wygod\u0105 i stylem. Wykonana z <b>najlepszych materia\u0142\u00f3w<\/b>, \u0142\u0105cz\u0105 w sobie <b>mi\u0119kko\u015b\u0107 <\/b>i <b>lekko\u015b\u0107<\/b> z ciep\u0142em oraz przytulno\u015bci\u0105 Twojego ulubionego stroju do spania.<\/p>\n<p><b>Wygoda: <\/b>Lekki i oddychaj\u0105cy materia\u0142.<\/p>\n","protected":false},"featured_media":8675,"comment_status":"open","ping_status":"closed","template":"","meta":[],"product_brand":[],"product_cat":[63],"product_tag":[],"class_list":{"0":"post-8674","1":"product","2":"type-product","3":"status-publish","4":"has-post-thumbnail","6":"product_cat-63","8":"first","9":"instock","10":"featured","11":"shipping-taxable","12":"purchasable","13":"product-type-simple"},"_links":{"self":[{"href":"https:\/\/chcestore.com\/en\/wp-json\/wp\/v2\/product\/8674","targetHints":{"allow":["GET"]}}],"collection":[{"href":"https:\/\/chcestore.com\/en\/wp-json\/wp\/v2\/product"}],"about":[{"href":"https:\/\/chcestore.com\/en\/wp-json\/wp\/v2\/types\/product"}],"replies":[{"embeddable":true,"href":"https:\/\/chcestore.com\/en\/wp-json\/wp\/v2\/comments?post=8674"}],"version-history":[{"count":1,"href":"https:\/\/chcestore.com\/en\/wp-json\/wp\/v2\/product\/8674\/revisions"}],"predecessor-version":[{"id":8734,"href":"https:\/\/chcestore.com\/en\/wp-json\/wp\/v2\/product\/8674\/revisions\/8734"}],"wp:featuredmedia":[{"embeddable":true,"href":"https:\/\/chcestore.com\/en\/wp-json\/wp\/v2\/media\/8675"}],"wp:attachment":[{"href":"https:\/\/chcestore.com\/en\/wp-json\/wp\/v2\/media?parent=8674"}],"wp:term":[{"taxonomy":"product_brand","embeddable":true,"href":"https:\/\/chcestore.com\/en\/wp-json\/wp\/v2\/product_brand?post=8674"},{"taxonomy":"product_cat","embeddable":true,"href":"https:\/\/chcestore.com\/en\/wp-json\/wp\/v2\/product_cat?post=8674"},{"taxonomy":"product_tag","embeddable":true,"href":"https:\/\/chcestore.com\/en\/wp-json\/wp\/v2\/product_tag?post=8674"}],"curies":[{"name":"wp","href":"https:\/\/api.w.org\/{rel}","templated":true}]}}