{"id":8624,"date":"2025-01-29T16:59:17","date_gmt":"2025-01-29T16:59:17","guid":{"rendered":"https:\/\/chcestore.com\/kosmetyczka-love\/"},"modified":"2025-01-29T16:59:17","modified_gmt":"2025-01-29T16:59:17","slug":"kosmetyczka-love","status":"publish","type":"product","link":"https:\/\/chcestore.com\/en\/kosmetyczka-love\/","title":{"rendered":"Kosmetyczka Love"},"content":{"rendered":"<h2>Przepi\u0119kna kosmetyczka Love<\/h2>\n<p><span style=\"font-weight: 400;\"><strong>Wymiary:<\/strong> 24x17x10 cm<\/span><\/p>\n<p><span style=\"font-weight: 400;\">Nasze kosmetyczki \u0142\u0105cz\u0105 w sobie <strong>praktyczno\u015b\u0107<\/strong> i <strong>funkcjonalno\u015b\u0107<\/strong>, stanowi\u0105c niezb\u0119dny element wyposa\u017cenia ka\u017cdej kobiety <strong>ceni\u0105cej porz\u0105dek<\/strong> i <strong>elegancj\u0119<\/strong> w przechowywaniu swoich kosmetyk\u00f3w. Idealnie dopasowane do r\u00f3\u017cnorodnych potrzeb i okoliczno\u015bci, od codziennego u\u017cytku po wyjazdy i specjalne okazje.\u00a0<\/span><\/p>\n<p><b>\ud83e\udd0dPoczuj si\u0119 sob\u0105!<\/b><\/p>\n","protected":false},"excerpt":{"rendered":"<p><span style=\"font-weight: 400;\"><strong>Estetyczna<\/strong>, <strong>mi\u0119kka<\/strong>, <strong>lekka<\/strong>, a jednocze\u015bnie bardzo <strong>pojemna<\/strong> kosmetyczka. <strong>Jako\u015b\u0107 premium<\/strong>. Nadaje si\u0119 <strong>do<\/strong> <strong>prania<\/strong>. Z \u0142atwo\u015bci\u0105 mo\u017cna j\u0105 zabra\u0107 na si\u0142owni\u0119, do pracy, na uczelni\u0119. Pomie\u015bci wszystkie niezb\u0119dne rzeczy podczas podr\u00f3\u017cy.<\/span><\/p>\n","protected":false},"featured_media":8625,"comment_status":"open","ping_status":"closed","template":"","meta":[],"product_brand":[],"product_cat":[103],"product_tag":[],"class_list":{"0":"post-8624","1":"product","2":"type-product","3":"status-publish","4":"has-post-thumbnail","6":"product_cat-kosmetyczki-en","8":"first","9":"instock","10":"shipping-taxable","11":"purchasable","12":"product-type-simple"},"_links":{"self":[{"href":"https:\/\/chcestore.com\/en\/wp-json\/wp\/v2\/product\/8624","targetHints":{"allow":["GET"]}}],"collection":[{"href":"https:\/\/chcestore.com\/en\/wp-json\/wp\/v2\/product"}],"about":[{"href":"https:\/\/chcestore.com\/en\/wp-json\/wp\/v2\/types\/product"}],"replies":[{"embeddable":true,"href":"https:\/\/chcestore.com\/en\/wp-json\/wp\/v2\/comments?post=8624"}],"version-history":[{"count":0,"href":"https:\/\/chcestore.com\/en\/wp-json\/wp\/v2\/product\/8624\/revisions"}],"wp:featuredmedia":[{"embeddable":true,"href":"https:\/\/chcestore.com\/en\/wp-json\/wp\/v2\/media\/8625"}],"wp:attachment":[{"href":"https:\/\/chcestore.com\/en\/wp-json\/wp\/v2\/media?parent=8624"}],"wp:term":[{"taxonomy":"product_brand","embeddable":true,"href":"https:\/\/chcestore.com\/en\/wp-json\/wp\/v2\/product_brand?post=8624"},{"taxonomy":"product_cat","embeddable":true,"href":"https:\/\/chcestore.com\/en\/wp-json\/wp\/v2\/product_cat?post=8624"},{"taxonomy":"product_tag","embeddable":true,"href":"https:\/\/chcestore.com\/en\/wp-json\/wp\/v2\/product_tag?post=8624"}],"curies":[{"name":"wp","href":"https:\/\/api.w.org\/{rel}","templated":true}]}}