{"id":8576,"date":"2025-02-03T18:31:08","date_gmt":"2025-02-03T18:31:08","guid":{"rendered":"https:\/\/chcestore.com\/etui-na-stylery-toffee\/"},"modified":"2025-02-03T18:31:08","modified_gmt":"2025-02-03T18:31:08","slug":"etui-na-stylery-toffee","status":"publish","type":"product","link":"https:\/\/chcestore.com\/en\/etui-na-stylery-toffee\/","title":{"rendered":"Toffee Etui na stylery"},"content":{"rendered":"<h3><strong>Du\u017ca kosmetyczka (etui na stylery) Toffe<\/strong><\/h3>\n<p><span style=\"font-weight: 400;\"><strong>Wymiary:<\/strong> 35x17x10 cm<\/span><\/p>\n<p><span style=\"font-weight: 400;\"><strong>Estetyczna<\/strong>, <strong>mi\u0119kka<\/strong>,<strong> lekka<\/strong>, a jednocze\u015bnie bardzo<strong> pojemna<\/strong> kosmetyczka(pasuje do <strong>Dyson<\/strong>). Jako\u015b\u0107 <strong>premium<\/strong>, <strong>nadaje si\u0119 do prania<\/strong>. <\/span><span style=\"font-weight: 400;\">Jest idealnym towarzyszem, kt\u00f3ry pomie\u015bci wszystkie niezb\u0119dne akcesoria oraz kosmetyki.<\/span><\/p>\n<p><span style=\"font-weight: 400;\">Z \u0142atwo\u015bci\u0105 mo\u017cna j\u0105 zabra\u0107 ze sob\u0105 <strong>w podr\u00f3\u017cy<\/strong>, zmie\u015bci si\u0119 do walizki. Bardzo <strong>wygodna<\/strong>.<\/span><\/p>\n<p><b>\ud83e\udd0dPoczuj si\u0119 sob\u0105!<\/b><\/p>\n","protected":false},"excerpt":{"rendered":"<p><strong>Estetyczna<\/strong>, <strong>mi\u0119kka<\/strong>, <strong>lekka<\/strong>, a jednocze\u015bnie bardzo <strong>pojemna<\/strong> kosmetyczka(pasuje do <strong>Dyson<\/strong>). Jako\u015b\u0107 <strong>premium<\/strong>, <strong>nadaje si\u0119 do prania<\/strong>. Jest idealnym towarzyszem, kt\u00f3ry pomie\u015bci wszystkie niezb\u0119dne akcesoria oraz kosmetyki.<\/p>\n","protected":false},"featured_media":8578,"comment_status":"open","ping_status":"closed","template":"","meta":[],"product_brand":[],"product_cat":[103],"product_tag":[],"class_list":{"0":"post-8576","1":"product","2":"type-product","3":"status-publish","4":"has-post-thumbnail","6":"product_cat-kosmetyczki-en","8":"first","9":"outofstock","10":"shipping-taxable","11":"purchasable","12":"product-type-simple"},"_links":{"self":[{"href":"https:\/\/chcestore.com\/en\/wp-json\/wp\/v2\/product\/8576","targetHints":{"allow":["GET"]}}],"collection":[{"href":"https:\/\/chcestore.com\/en\/wp-json\/wp\/v2\/product"}],"about":[{"href":"https:\/\/chcestore.com\/en\/wp-json\/wp\/v2\/types\/product"}],"replies":[{"embeddable":true,"href":"https:\/\/chcestore.com\/en\/wp-json\/wp\/v2\/comments?post=8576"}],"version-history":[{"count":0,"href":"https:\/\/chcestore.com\/en\/wp-json\/wp\/v2\/product\/8576\/revisions"}],"wp:featuredmedia":[{"embeddable":true,"href":"https:\/\/chcestore.com\/en\/wp-json\/wp\/v2\/media\/8578"}],"wp:attachment":[{"href":"https:\/\/chcestore.com\/en\/wp-json\/wp\/v2\/media?parent=8576"}],"wp:term":[{"taxonomy":"product_brand","embeddable":true,"href":"https:\/\/chcestore.com\/en\/wp-json\/wp\/v2\/product_brand?post=8576"},{"taxonomy":"product_cat","embeddable":true,"href":"https:\/\/chcestore.com\/en\/wp-json\/wp\/v2\/product_cat?post=8576"},{"taxonomy":"product_tag","embeddable":true,"href":"https:\/\/chcestore.com\/en\/wp-json\/wp\/v2\/product_tag?post=8576"}],"curies":[{"name":"wp","href":"https:\/\/api.w.org\/{rel}","templated":true}]}}