{"id":8528,"date":"2025-02-05T16:02:07","date_gmt":"2025-02-05T16:02:07","guid":{"rendered":"https:\/\/chcestore.com\/spray-do-wlosow-victorias-secret-bombshell\/"},"modified":"2025-02-05T16:02:07","modified_gmt":"2025-02-05T16:02:07","slug":"spray-do-wlosow-victorias-secret-bombshell","status":"publish","type":"product","link":"https:\/\/chcestore.com\/en\/spray-do-wlosow-victorias-secret-bombshell\/","title":{"rendered":"Spray do w\u0142os\u00f3w Victoria&#8217;s Secret Bombshell"},"content":{"rendered":"<h2>Spray do w\u0142os\u00f3w <strong>Victoria&#8217;s Secret Bombshell <\/strong>200 ml<\/h2>\n<p><span style=\"font-weight: 400;\">Przenie\u015b si\u0119 do \u015bwiata <strong>pokusy<\/strong> i <strong>elegancji<\/strong> z zapachem Victoria&#8217;s Secret Bombshell. Stworzony dla kobiet, kt\u00f3re chc\u0105 by\u0107 w <strong>centrum uwagi<\/strong>, <strong>czu\u0107 si\u0119 pewnie i niezr\u00f3wnanie<\/strong>.<\/span><span style=\"font-weight: 400;\"><br \/>\n<\/span><span style=\"font-weight: 400;\"><strong>\u015awie\u017cy i owocowy<\/strong>: Dzi\u0119ki marakuji i ananasowi emanuje energi\u0105 i lekko\u015bci\u0105.<\/span><span style=\"font-weight: 400;\"><br \/>\n<\/span><span style=\"font-weight: 400;\"><strong>Kwiatowy i kobiecy<\/strong>: Nuty serca dodaj\u0105 zapachowi mi\u0119kko\u015bci i finezji.<\/span><span style=\"font-weight: 400;\"><br \/>\n<\/span><span style=\"font-weight: 400;\"><strong>Zmys\u0142owy<\/strong>: Baza z wanilii i drewna zapewnia ciep\u0142y, kusz\u0105cy \u015blad, kt\u00f3ry pozostaje z Tob\u0105 przez ca\u0142y dzie\u0144.<\/span><span style=\"font-weight: 400;\"><br \/>\n<\/span><span style=\"font-weight: 400;\"><strong>Idealny<\/strong> zar\u00f3wno <strong>na dzie\u0144<\/strong>, jak i <strong>na wieczorne<\/strong> wyj\u015bcia.<\/span><\/p>\n","protected":false},"excerpt":{"rendered":"<p>Spray jest <strong>dwufazowy<\/strong>, ma dzia\u0142anie <strong>ochronne<\/strong> oraz przyjemny <strong>zapach<\/strong>. Otula ka\u017cdy w\u0142os niewidzialn\u0105 <strong>warstw\u0105 ochronn\u0105<\/strong>, kt\u00f3ra <strong>chroni<\/strong> przed s\u0142o\u0144cem i agresywnymi czynnikami zewn\u0119trznymi. Dodatkowo <strong>od\u017cywia<\/strong>,<strong> nawil\u017ca i zmi\u0119kcza w\u0142osy<\/strong>. Odpowiedni dla <strong>wszystkich typ\u00f3w w\u0142os\u00f3w<\/strong>. <strong>200 ml.<\/strong><\/p>\n","protected":false},"featured_media":8529,"comment_status":"open","ping_status":"closed","template":"","meta":[],"product_brand":[],"product_cat":[106,113],"product_tag":[],"class_list":{"0":"post-8528","1":"product","2":"type-product","3":"status-publish","4":"has-post-thumbnail","6":"product_cat-spraye-en","7":"product_cat-spraye-do-wlosow-en","9":"first","10":"instock","11":"shipping-taxable","12":"purchasable","13":"product-type-simple"},"_links":{"self":[{"href":"https:\/\/chcestore.com\/en\/wp-json\/wp\/v2\/product\/8528","targetHints":{"allow":["GET"]}}],"collection":[{"href":"https:\/\/chcestore.com\/en\/wp-json\/wp\/v2\/product"}],"about":[{"href":"https:\/\/chcestore.com\/en\/wp-json\/wp\/v2\/types\/product"}],"replies":[{"embeddable":true,"href":"https:\/\/chcestore.com\/en\/wp-json\/wp\/v2\/comments?post=8528"}],"version-history":[{"count":0,"href":"https:\/\/chcestore.com\/en\/wp-json\/wp\/v2\/product\/8528\/revisions"}],"wp:featuredmedia":[{"embeddable":true,"href":"https:\/\/chcestore.com\/en\/wp-json\/wp\/v2\/media\/8529"}],"wp:attachment":[{"href":"https:\/\/chcestore.com\/en\/wp-json\/wp\/v2\/media?parent=8528"}],"wp:term":[{"taxonomy":"product_brand","embeddable":true,"href":"https:\/\/chcestore.com\/en\/wp-json\/wp\/v2\/product_brand?post=8528"},{"taxonomy":"product_cat","embeddable":true,"href":"https:\/\/chcestore.com\/en\/wp-json\/wp\/v2\/product_cat?post=8528"},{"taxonomy":"product_tag","embeddable":true,"href":"https:\/\/chcestore.com\/en\/wp-json\/wp\/v2\/product_tag?post=8528"}],"curies":[{"name":"wp","href":"https:\/\/api.w.org\/{rel}","templated":true}]}}