{"id":8526,"date":"2025-02-05T16:08:39","date_gmt":"2025-02-05T16:08:39","guid":{"rendered":"https:\/\/chcestore.com\/spray-do-wlosow-dolce-gabbana-limperatrice\/"},"modified":"2025-02-05T16:08:39","modified_gmt":"2025-02-05T16:08:39","slug":"spray-do-wlosow-dolce-gabbana-limperatrice","status":"publish","type":"product","link":"https:\/\/chcestore.com\/en\/spray-do-wlosow-dolce-gabbana-limperatrice\/","title":{"rendered":"Spray do w\u0142os\u00f3w Dolce &#038; Gabbana l&#8217;imperatrice"},"content":{"rendered":"<h2>Spray do w\u0142os\u00f3w <strong>Dolce &amp; Gabbana l&#8217;imperatrice<\/strong><\/h2>\n<p><span style=\"font-weight: 400;\">Eksplozja <strong>soczystych owoc\u00f3w<\/strong>, <strong>kwiatowej delikatno\u015bci<\/strong> i <strong>wyrafinowanej energii<\/strong>. Zapach, kt\u00f3ry emanuje<strong> rado\u015bci\u0105<\/strong>, <strong>pewno\u015bci\u0105 siebie i magnetyzmem<\/strong>. Jest idealny dla <strong>odwa\u017cnych<\/strong>,<strong> charyzmatycznych i wyrazistych osobowo\u015bci<\/strong>, kt\u00f3re uwielbiaj\u0105 by\u0107 w centrum uwagi. <\/span><\/p>\n<p><span style=\"font-weight: 400;\"><strong>Jasny owocowy pocz\u0105tek<\/strong>: Soczyste kiwi i czerwony pomara\u0144cz daj\u0105 zapachowi \u015bwie\u017co\u015b\u0107 i rado\u015b\u0107 \u017cycia. Rabarbar dodaje pikantnej kwaskowato\u015bci. <\/span><\/p>\n<p><span style=\"font-weight: 400;\"><strong>Kwiatowe serce<\/strong>: Cyklamen i ja\u015bmin tworz\u0105 delikatn\u0105, wyrafinowan\u0105 kompozycj\u0119, podkre\u015blaj\u0105c kobieco\u015b\u0107. <\/span><\/p>\n<p><span style=\"font-weight: 400;\"><strong>Trwa\u0142y \u015blad<\/strong>: Drzewo sanda\u0142owe i pi\u017cmo pozostawiaj\u0105 ciep\u0142y, zmys\u0142owy posmak, otulaj\u0105c elegancj\u0105. Ten zapach personifikuje si\u0142\u0119, gracj\u0119 i kobieco\u015b\u0107. M\u00f3wi tak, jakby: \u201eJestem tutaj i jestem niezr\u00f3wnana.\u201d<\/span><\/p>\n","protected":false},"excerpt":{"rendered":"<p>Spray jest <strong>dwufazowy<\/strong>, ma dzia\u0142anie <strong>ochronne<\/strong> oraz przyjemny <strong>zapach<\/strong>. Otula ka\u017cdy w\u0142os niewidzialn\u0105 <strong>warstw\u0105 ochronn\u0105<\/strong>, kt\u00f3ra <strong>chroni<\/strong> przed s\u0142o\u0144cem i agresywnymi czynnikami zewn\u0119trznymi. Dodatkowo <strong>od\u017cywia<\/strong>,<strong> nawil\u017ca i zmi\u0119kcza w\u0142osy<\/strong>. Odpowiedni dla <strong>wszystkich typ\u00f3w w\u0142os\u00f3w<\/strong>. <strong>200 ml.<\/strong><\/p>\n","protected":false},"featured_media":8527,"comment_status":"open","ping_status":"closed","template":"","meta":[],"product_brand":[],"product_cat":[106,113],"product_tag":[],"class_list":{"0":"post-8526","1":"product","2":"type-product","3":"status-publish","4":"has-post-thumbnail","6":"product_cat-spraye-en","7":"product_cat-spraye-do-wlosow-en","9":"first","10":"instock","11":"shipping-taxable","12":"purchasable","13":"product-type-simple"},"_links":{"self":[{"href":"https:\/\/chcestore.com\/en\/wp-json\/wp\/v2\/product\/8526","targetHints":{"allow":["GET"]}}],"collection":[{"href":"https:\/\/chcestore.com\/en\/wp-json\/wp\/v2\/product"}],"about":[{"href":"https:\/\/chcestore.com\/en\/wp-json\/wp\/v2\/types\/product"}],"replies":[{"embeddable":true,"href":"https:\/\/chcestore.com\/en\/wp-json\/wp\/v2\/comments?post=8526"}],"version-history":[{"count":0,"href":"https:\/\/chcestore.com\/en\/wp-json\/wp\/v2\/product\/8526\/revisions"}],"wp:featuredmedia":[{"embeddable":true,"href":"https:\/\/chcestore.com\/en\/wp-json\/wp\/v2\/media\/8527"}],"wp:attachment":[{"href":"https:\/\/chcestore.com\/en\/wp-json\/wp\/v2\/media?parent=8526"}],"wp:term":[{"taxonomy":"product_brand","embeddable":true,"href":"https:\/\/chcestore.com\/en\/wp-json\/wp\/v2\/product_brand?post=8526"},{"taxonomy":"product_cat","embeddable":true,"href":"https:\/\/chcestore.com\/en\/wp-json\/wp\/v2\/product_cat?post=8526"},{"taxonomy":"product_tag","embeddable":true,"href":"https:\/\/chcestore.com\/en\/wp-json\/wp\/v2\/product_tag?post=8526"}],"curies":[{"name":"wp","href":"https:\/\/api.w.org\/{rel}","templated":true}]}}