{"id":8517,"date":"2025-02-16T15:34:31","date_gmt":"2025-02-16T15:34:31","guid":{"rendered":"https:\/\/chcestore.com\/mgielka-do-ciala-victorias-secret-bombshell\/"},"modified":"2025-02-16T15:34:31","modified_gmt":"2025-02-16T15:34:31","slug":"mgielka-do-ciala-victorias-secret-bombshell","status":"publish","type":"product","link":"https:\/\/chcestore.com\/en\/mgielka-do-ciala-victorias-secret-bombshell\/","title":{"rendered":"Mgie\u0142ka do cia\u0142a Victoria&#8217;s Secret Bombshell"},"content":{"rendered":"<h2><strong>Spray do cia\u0142a Victoria&#8217;s Secret Bombshell 275ml<\/strong><\/h2>\n<p><span style=\"font-weight: 400;\">Przenie\u015b si\u0119 do \u015bwiata <strong>pokusy<\/strong> i <strong>elegancji<\/strong> z zapachem Victoria&#8217;s Secret Bombshell. Stworzony dla kobiet, kt\u00f3re chc\u0105 by\u0107 w <strong>centrum uwagi<\/strong>, <strong>czu\u0107 si\u0119 pewnie i niezr\u00f3wnanie<\/strong>.<\/span><span style=\"font-weight: 400;\"><br \/>\n<\/span><span style=\"font-weight: 400;\"><strong>\u015awie\u017cy i owocowy<\/strong>: Dzi\u0119ki marakuji i ananasowi emanuje energi\u0105 i lekko\u015bci\u0105.<\/span><span style=\"font-weight: 400;\"><br \/>\n<\/span><span style=\"font-weight: 400;\"><strong>Kwiatowy i kobiecy<\/strong>: Nuty serca dodaj\u0105 zapachowi mi\u0119kko\u015bci i finezji.<\/span><span style=\"font-weight: 400;\"><br \/>\n<\/span><span style=\"font-weight: 400;\"><strong>Zmys\u0142owy<\/strong>: Baza z wanilii i drewna zapewnia ciep\u0142y, kusz\u0105cy \u015blad, kt\u00f3ry pozostaje z Tob\u0105 przez ca\u0142y dzie\u0144.<\/span><span style=\"font-weight: 400;\"><br \/>\n<\/span><span style=\"font-weight: 400;\"><strong>Idealny<\/strong> zar\u00f3wno <strong>na dzie\u0144<\/strong>, jak i <strong>na wieczorne<\/strong> wyj\u015bcia.<\/span><\/p>\n","protected":false},"excerpt":{"rendered":"<p><strong>Lekka<\/strong> i <strong>od\u015bwie\u017caj\u0105ca<\/strong> <strong>mgie\u0142ka do cia\u0142a<\/strong> o z\u0142ocistym, uwodzicielskim zapachu. <strong>Nawil\u017ca sk\u00f3r\u0119<\/strong>, nadaj\u0105c jej <strong>zdrowy blask<\/strong>. Idealna do <strong>codziennego u\u017cytku<\/strong>. <strong>275 ml.<\/strong><\/p>\n<h2><\/h2>\n","protected":false},"featured_media":8518,"comment_status":"open","ping_status":"closed","template":"","meta":[],"product_brand":[],"product_cat":[106,112],"product_tag":[],"class_list":{"0":"post-8517","1":"product","2":"type-product","3":"status-publish","4":"has-post-thumbnail","6":"product_cat-spraye-en","7":"product_cat-spraye-do-ciala-en","9":"first","10":"instock","11":"shipping-taxable","12":"purchasable","13":"product-type-simple"},"_links":{"self":[{"href":"https:\/\/chcestore.com\/en\/wp-json\/wp\/v2\/product\/8517","targetHints":{"allow":["GET"]}}],"collection":[{"href":"https:\/\/chcestore.com\/en\/wp-json\/wp\/v2\/product"}],"about":[{"href":"https:\/\/chcestore.com\/en\/wp-json\/wp\/v2\/types\/product"}],"replies":[{"embeddable":true,"href":"https:\/\/chcestore.com\/en\/wp-json\/wp\/v2\/comments?post=8517"}],"version-history":[{"count":0,"href":"https:\/\/chcestore.com\/en\/wp-json\/wp\/v2\/product\/8517\/revisions"}],"wp:featuredmedia":[{"embeddable":true,"href":"https:\/\/chcestore.com\/en\/wp-json\/wp\/v2\/media\/8518"}],"wp:attachment":[{"href":"https:\/\/chcestore.com\/en\/wp-json\/wp\/v2\/media?parent=8517"}],"wp:term":[{"taxonomy":"product_brand","embeddable":true,"href":"https:\/\/chcestore.com\/en\/wp-json\/wp\/v2\/product_brand?post=8517"},{"taxonomy":"product_cat","embeddable":true,"href":"https:\/\/chcestore.com\/en\/wp-json\/wp\/v2\/product_cat?post=8517"},{"taxonomy":"product_tag","embeddable":true,"href":"https:\/\/chcestore.com\/en\/wp-json\/wp\/v2\/product_tag?post=8517"}],"curies":[{"name":"wp","href":"https:\/\/api.w.org\/{rel}","templated":true}]}}