{"id":8510,"date":"2025-02-16T16:08:30","date_gmt":"2025-02-16T16:08:30","guid":{"rendered":"https:\/\/chcestore.com\/mgielka-do-ciala-giorgio-armani-my-way\/"},"modified":"2025-02-16T16:08:30","modified_gmt":"2025-02-16T16:08:30","slug":"mgielka-do-ciala-giorgio-armani-my-way","status":"publish","type":"product","link":"https:\/\/chcestore.com\/en\/mgielka-do-ciala-giorgio-armani-my-way\/","title":{"rendered":"Mgie\u0142ka do cia\u0142a Giorgio Armani My Way"},"content":{"rendered":"<h2><strong>Spray do cia\u0142a Giorgio Armani My Way 275ml<\/strong><\/h2>\n<p><span style=\"font-weight: 400;\">To zapach, kt\u00f3ry uciele\u015bnia otwarto\u015b\u0107 na nowe, ciekawo\u015b\u0107 i wsp\u00f3\u0142czesn\u0105 kobieco\u015b\u0107. <strong>Lekki<\/strong>, <strong>elegancki<\/strong> i <strong>wyrafinowany<\/strong>, stworzony dla dziewczyn, kt\u00f3re marz\u0105 o podr\u00f3\u017cach, odkrywaniu \u015bwiata i zostawianiu swojego \u015bladu z gracj\u0105 i delikatno\u015bci\u0105.<\/span><\/p>\n<p><span style=\"font-weight: 400;\"><strong> Iskrz\u0105cy pocz\u0105tek<\/strong>: cytrusowe nuty pomara\u0144czy i bergamotki daj\u0105 \u015bwie\u017co\u015b\u0107 i lekko\u015b\u0107, budz\u0105c zmys\u0142y. Kwiatowe serce: Intensywny ja\u015bmin i tuberoza dodaj\u0105 zapachowi kobieco\u015bci, wyrafinowania i zmys\u0142owo\u015bci. <\/span><\/p>\n<p><span style=\"font-weight: 400;\">C<strong>iep\u0142y i przytulny \u015blad<\/strong>: wanilia, pi\u017cmo i cedr tworz\u0105 zmys\u0142ow\u0105 baz\u0119, kt\u00f3ra otula delikatnym ciep\u0142em i zostawia trwa\u0142y, wyrafinowany \u015blad. <\/span><span style=\"font-weight: 400;\">Doskona\u0142y wyb\u00f3r na co dzie\u0144, a tak\u017ce na specjalne wydarzenia.\u00a0<\/span><\/p>\n","protected":false},"excerpt":{"rendered":"<p><strong>Lekka<\/strong> i <strong>od\u015bwie\u017caj\u0105ca<\/strong> <strong>mgie\u0142ka do cia\u0142a<\/strong> o z\u0142ocistym, uwodzicielskim zapachu. <strong>Nawil\u017ca sk\u00f3r\u0119<\/strong>, nadaj\u0105c jej <strong>zdrowy blask<\/strong>. Idealna do <strong>codziennego u\u017cytku<\/strong>. <strong>275 ml.<\/strong><\/p>\n<h2><\/h2>\n","protected":false},"featured_media":8511,"comment_status":"open","ping_status":"closed","template":"","meta":[],"product_brand":[],"product_cat":[106,112],"product_tag":[],"class_list":{"0":"post-8510","1":"product","2":"type-product","3":"status-publish","4":"has-post-thumbnail","6":"product_cat-spraye-en","7":"product_cat-spraye-do-ciala-en","9":"first","10":"instock","11":"shipping-taxable","12":"purchasable","13":"product-type-simple"},"_links":{"self":[{"href":"https:\/\/chcestore.com\/en\/wp-json\/wp\/v2\/product\/8510","targetHints":{"allow":["GET"]}}],"collection":[{"href":"https:\/\/chcestore.com\/en\/wp-json\/wp\/v2\/product"}],"about":[{"href":"https:\/\/chcestore.com\/en\/wp-json\/wp\/v2\/types\/product"}],"replies":[{"embeddable":true,"href":"https:\/\/chcestore.com\/en\/wp-json\/wp\/v2\/comments?post=8510"}],"version-history":[{"count":0,"href":"https:\/\/chcestore.com\/en\/wp-json\/wp\/v2\/product\/8510\/revisions"}],"wp:featuredmedia":[{"embeddable":true,"href":"https:\/\/chcestore.com\/en\/wp-json\/wp\/v2\/media\/8511"}],"wp:attachment":[{"href":"https:\/\/chcestore.com\/en\/wp-json\/wp\/v2\/media?parent=8510"}],"wp:term":[{"taxonomy":"product_brand","embeddable":true,"href":"https:\/\/chcestore.com\/en\/wp-json\/wp\/v2\/product_brand?post=8510"},{"taxonomy":"product_cat","embeddable":true,"href":"https:\/\/chcestore.com\/en\/wp-json\/wp\/v2\/product_cat?post=8510"},{"taxonomy":"product_tag","embeddable":true,"href":"https:\/\/chcestore.com\/en\/wp-json\/wp\/v2\/product_tag?post=8510"}],"curies":[{"name":"wp","href":"https:\/\/api.w.org\/{rel}","templated":true}]}}