{"id":8508,"date":"2025-02-16T16:11:57","date_gmt":"2025-02-16T16:11:57","guid":{"rendered":"https:\/\/chcestore.com\/mgielka-do-ciala-chanel-eau-tendre\/"},"modified":"2025-02-16T16:11:57","modified_gmt":"2025-02-16T16:11:57","slug":"mgielka-do-ciala-chanel-eau-tendre","status":"publish","type":"product","link":"https:\/\/chcestore.com\/en\/mgielka-do-ciala-chanel-eau-tendre\/","title":{"rendered":"Mgie\u0142ka do cia\u0142a Chanel EAU Tendre"},"content":{"rendered":"<h2><strong>Spray do cia\u0142a Chanel EAU Tendre 275ml<\/strong><\/h2>\n<p><span style=\"font-weight: 400;\">Zapach, kt\u00f3ry uciele\u015bnia <strong>delikatno\u015b\u0107<\/strong>, <strong>wyrafinowanie<\/strong> i <strong>urok<\/strong>. <\/span><\/p>\n<p><span style=\"font-weight: 400;\"><strong>Jasny i cytrusowy pocz\u0105tek<\/strong>: grejpfrut i pigwa otwieraj\u0105 kompozycj\u0119 wyrazistymi, soczystymi nutami, kt\u00f3re daj\u0105 \u015bwie\u017co\u015b\u0107 i rado\u015b\u0107.<\/span><span style=\"font-weight: 400;\"><br \/>\n<\/span><span style=\"font-weight: 400;\">Delikatne kwiatowe serce: Ja\u015bmin i hiacynt tworz\u0105 romantyczny, marzycielski nastr\u00f3j, podkre\u015blaj\u0105c kobieco\u015b\u0107 zapachu.<\/span><span style=\"font-weight: 400;\"><br \/>\n<\/span><span style=\"font-weight: 400;\"><strong>Mi\u0119kki, zmys\u0142owy \u015blad<\/strong>: zako\u0144czenie z bia\u0142ego pi\u017cma i ambry dodaje zapachowi ciep\u0142a, wyrafinowania i delikatno\u015bci. Idealny wyb\u00f3r na wiosenno-letni sezon, ale jego uniwersalno\u015b\u0107 sprawia, \u017ce jest odpowiedni o ka\u017cdej porze roku.<\/span><span style=\"font-weight: 400;\"><br \/>\n<\/span><span style=\"font-weight: 400;\">Chanel Chance Eau Tendre to Twoja <strong>szansa<\/strong> na promieniowanie <strong>delikatno\u015bci\u0105<\/strong> i pozostawienie <strong>niezatartego wra\u017cenia<\/strong>.<\/span><\/p>\n","protected":false},"excerpt":{"rendered":"<p><strong>Lekka<\/strong> i <strong>od\u015bwie\u017caj\u0105ca<\/strong> <strong>mgie\u0142ka do cia\u0142a<\/strong> o z\u0142ocistym, uwodzicielskim zapachu. <strong>Nawil\u017ca sk\u00f3r\u0119<\/strong>, nadaj\u0105c jej <strong>zdrowy blask<\/strong>. Idealna do <strong>codziennego u\u017cytku<\/strong>. <strong>275 ml.<\/strong><\/p>\n<h2><\/h2>\n","protected":false},"featured_media":8509,"comment_status":"open","ping_status":"closed","template":"","meta":[],"product_brand":[],"product_cat":[106,112],"product_tag":[],"class_list":{"0":"post-8508","1":"product","2":"type-product","3":"status-publish","4":"has-post-thumbnail","6":"product_cat-spraye-en","7":"product_cat-spraye-do-ciala-en","9":"first","10":"instock","11":"shipping-taxable","12":"purchasable","13":"product-type-simple"},"_links":{"self":[{"href":"https:\/\/chcestore.com\/en\/wp-json\/wp\/v2\/product\/8508","targetHints":{"allow":["GET"]}}],"collection":[{"href":"https:\/\/chcestore.com\/en\/wp-json\/wp\/v2\/product"}],"about":[{"href":"https:\/\/chcestore.com\/en\/wp-json\/wp\/v2\/types\/product"}],"replies":[{"embeddable":true,"href":"https:\/\/chcestore.com\/en\/wp-json\/wp\/v2\/comments?post=8508"}],"version-history":[{"count":0,"href":"https:\/\/chcestore.com\/en\/wp-json\/wp\/v2\/product\/8508\/revisions"}],"wp:featuredmedia":[{"embeddable":true,"href":"https:\/\/chcestore.com\/en\/wp-json\/wp\/v2\/media\/8509"}],"wp:attachment":[{"href":"https:\/\/chcestore.com\/en\/wp-json\/wp\/v2\/media?parent=8508"}],"wp:term":[{"taxonomy":"product_brand","embeddable":true,"href":"https:\/\/chcestore.com\/en\/wp-json\/wp\/v2\/product_brand?post=8508"},{"taxonomy":"product_cat","embeddable":true,"href":"https:\/\/chcestore.com\/en\/wp-json\/wp\/v2\/product_cat?post=8508"},{"taxonomy":"product_tag","embeddable":true,"href":"https:\/\/chcestore.com\/en\/wp-json\/wp\/v2\/product_tag?post=8508"}],"curies":[{"name":"wp","href":"https:\/\/api.w.org\/{rel}","templated":true}]}}