{"id":8452,"date":"2025-03-22T08:34:33","date_gmt":"2025-03-22T08:34:33","guid":{"rendered":"https:\/\/chcestore.com\/komplet-pink-zefir-s\/"},"modified":"2025-03-22T08:34:33","modified_gmt":"2025-03-22T08:34:33","slug":"komplet-pink-zefir-s","status":"publish","type":"product","link":"https:\/\/chcestore.com\/en\/komplet-pink-zefir-s\/","title":{"rendered":"Komplet Pink Zefir S"},"content":{"rendered":"<h2>Komplet Pink Zefir<\/h2>\n<p><strong>Naturalna dzianina, <\/strong>zapewnia mi\u0119kko\u015b\u0107 i naturalne odczucie na sk\u00f3rze.<\/p>\n<p>Wymiary<b> S:<\/b><\/p>\n<p>\ud83c\udf80talia: <b>62\/70<\/b> cm.<\/p>\n<p>\ud83c\udf80obw\u00f3d klatki piersiowej:\u00a0<b>85\/95<\/b> cm.<\/p>\n<p>\ud83c\udf80obw\u00f3d bioder: <b>90\/98<\/b> cm.<\/p>\n<p>Modelka ma wzrost 171 cm<\/p>\n<p><b>Wygoda: <\/b>Lekki i oddychaj\u0105cy materia\u0142.<\/p>\n<p>Wykonana z najwy\u017cszej jako\u015bci materia\u0142\u00f3w, niezwykle <strong>delikatna dla sk\u00f3ry<\/strong> i gwarantuje maksymalny <strong>komfort podczas domowego relaksu<\/strong>. Stylowy design i harmonijne kolory sprawiaj\u0105, \u017ce ten komplet stanie si\u0119 Twoim ulubionym elementem domowej garderoby.<\/p>\n<p>Aby\u015b nawet w domu czu\u0107 si\u0119 komfortowo i wygl\u0105da\u0107 ol\u015bniewaj\u0105co!<\/p>\n<p><b>\ud83e\udd0dPoczuj si\u0119 sob\u0105!<\/b><\/p>\n","protected":false},"excerpt":{"rendered":"<h4>Komplet dwucz\u0119\u015bciowy Pink Zefir w rozmiarze S<\/h4>\n<h4>Top + szorty<\/h4>\n<p><strong>Naturalna dzianina, <\/strong>zapewnia mi\u0119kko\u015b\u0107 i naturalne odczucie na sk\u00f3rze.<\/p>\n<p>Dzianinowy komplet Zefir to idealne po\u0142\u0105czenie <strong>komfortu i elegancji<\/strong>!<\/p>\n<p><b>Wygoda: <\/b>Lekki i oddychaj\u0105cy materia\u0142.<\/p>\n","protected":false},"featured_media":8450,"comment_status":"open","ping_status":"closed","template":"","meta":[],"product_brand":[],"product_cat":[63],"product_tag":[],"class_list":{"0":"post-8452","1":"product","2":"type-product","3":"status-publish","4":"has-post-thumbnail","6":"product_cat-63","8":"first","9":"outofstock","10":"sale","11":"shipping-taxable","12":"purchasable","13":"product-type-simple"},"_links":{"self":[{"href":"https:\/\/chcestore.com\/en\/wp-json\/wp\/v2\/product\/8452","targetHints":{"allow":["GET"]}}],"collection":[{"href":"https:\/\/chcestore.com\/en\/wp-json\/wp\/v2\/product"}],"about":[{"href":"https:\/\/chcestore.com\/en\/wp-json\/wp\/v2\/types\/product"}],"replies":[{"embeddable":true,"href":"https:\/\/chcestore.com\/en\/wp-json\/wp\/v2\/comments?post=8452"}],"version-history":[{"count":1,"href":"https:\/\/chcestore.com\/en\/wp-json\/wp\/v2\/product\/8452\/revisions"}],"predecessor-version":[{"id":8797,"href":"https:\/\/chcestore.com\/en\/wp-json\/wp\/v2\/product\/8452\/revisions\/8797"}],"wp:featuredmedia":[{"embeddable":true,"href":"https:\/\/chcestore.com\/en\/wp-json\/wp\/v2\/media\/8450"}],"wp:attachment":[{"href":"https:\/\/chcestore.com\/en\/wp-json\/wp\/v2\/media?parent=8452"}],"wp:term":[{"taxonomy":"product_brand","embeddable":true,"href":"https:\/\/chcestore.com\/en\/wp-json\/wp\/v2\/product_brand?post=8452"},{"taxonomy":"product_cat","embeddable":true,"href":"https:\/\/chcestore.com\/en\/wp-json\/wp\/v2\/product_cat?post=8452"},{"taxonomy":"product_tag","embeddable":true,"href":"https:\/\/chcestore.com\/en\/wp-json\/wp\/v2\/product_tag?post=8452"}],"curies":[{"name":"wp","href":"https:\/\/api.w.org\/{rel}","templated":true}]}}