{"id":8447,"date":"2025-03-22T08:34:38","date_gmt":"2025-03-22T08:34:38","guid":{"rendered":"https:\/\/chcestore.com\/komplet-pink-zefir-m\/"},"modified":"2025-03-22T08:34:38","modified_gmt":"2025-03-22T08:34:38","slug":"komplet-pink-zefir-m","status":"publish","type":"product","link":"https:\/\/chcestore.com\/en\/komplet-pink-zefir-m\/","title":{"rendered":"Komplet Pink Zefir M"},"content":{"rendered":"<h2>Komplet Pink Zefir<\/h2>\n<p><strong>Naturalna dzianina, <\/strong>zapewnia mi\u0119kko\u015b\u0107 i naturalne odczucie na sk\u00f3rze.<\/p>\n<p>Wymiary<b> M:<\/b><\/p>\n<p>\ud83c\udf80talia: <b>65\/75<\/b>\u00a0cm.<\/p>\n<p>\ud83c\udf80obw\u00f3d klatki piersiowej: <strong>90<\/strong><b>\/100<\/b>\u00a0cm.<\/p>\n<p>\ud83c\udf80obw\u00f3d bioder: <b>94\/105<\/b>\u00a0cm.<\/p>\n<p>Modelka ma wzrost 171 cm<\/p>\n<p><b>Wygoda: <\/b>Lekki i oddychaj\u0105cy materia\u0142.<\/p>\n<p>Wykonana z najwy\u017cszej jako\u015bci materia\u0142\u00f3w, niezwykle <strong>delikatna dla sk\u00f3ry<\/strong> i gwarantuje maksymalny <strong>komfort podczas domowego relaksu<\/strong>. Stylowy design i harmonijne kolory sprawiaj\u0105, \u017ce ten komplet stanie si\u0119 Twoim ulubionym elementem domowej garderoby.<\/p>\n<p>Aby\u015b nawet w domu czu\u0107 si\u0119 komfortowo i wygl\u0105da\u0107 ol\u015bniewaj\u0105co!<\/p>\n<p><b>\ud83e\udd0dPoczuj si\u0119 sob\u0105!<\/b><\/p>\n","protected":false},"excerpt":{"rendered":"<h4>Komplet dwucz\u0119\u015bciowy Pink Zefir w rozmiarze M<\/h4>\n<h4>Top + szorty<\/h4>\n<p><strong>Naturalna dzianina, <\/strong>zapewnia mi\u0119kko\u015b\u0107 i naturalne odczucie na sk\u00f3rze.<\/p>\n<p>Dzianinowy komplet Zefir to idealne po\u0142\u0105czenie <strong>komfortu i elegancji<\/strong>!<\/p>\n<p><b>Wygoda: <\/b>Lekki i oddychaj\u0105cy materia\u0142.<\/p>\n","protected":false},"featured_media":8451,"comment_status":"open","ping_status":"closed","template":"","meta":[],"product_brand":[],"product_cat":[63],"product_tag":[],"class_list":{"0":"post-8447","1":"product","2":"type-product","3":"status-publish","4":"has-post-thumbnail","6":"product_cat-63","8":"first","9":"instock","10":"sale","11":"featured","12":"shipping-taxable","13":"purchasable","14":"product-type-simple"},"_links":{"self":[{"href":"https:\/\/chcestore.com\/en\/wp-json\/wp\/v2\/product\/8447","targetHints":{"allow":["GET"]}}],"collection":[{"href":"https:\/\/chcestore.com\/en\/wp-json\/wp\/v2\/product"}],"about":[{"href":"https:\/\/chcestore.com\/en\/wp-json\/wp\/v2\/types\/product"}],"replies":[{"embeddable":true,"href":"https:\/\/chcestore.com\/en\/wp-json\/wp\/v2\/comments?post=8447"}],"version-history":[{"count":0,"href":"https:\/\/chcestore.com\/en\/wp-json\/wp\/v2\/product\/8447\/revisions"}],"wp:featuredmedia":[{"embeddable":true,"href":"https:\/\/chcestore.com\/en\/wp-json\/wp\/v2\/media\/8451"}],"wp:attachment":[{"href":"https:\/\/chcestore.com\/en\/wp-json\/wp\/v2\/media?parent=8447"}],"wp:term":[{"taxonomy":"product_brand","embeddable":true,"href":"https:\/\/chcestore.com\/en\/wp-json\/wp\/v2\/product_brand?post=8447"},{"taxonomy":"product_cat","embeddable":true,"href":"https:\/\/chcestore.com\/en\/wp-json\/wp\/v2\/product_cat?post=8447"},{"taxonomy":"product_tag","embeddable":true,"href":"https:\/\/chcestore.com\/en\/wp-json\/wp\/v2\/product_tag?post=8447"}],"curies":[{"name":"wp","href":"https:\/\/api.w.org\/{rel}","templated":true}]}}