{"id":8435,"date":"2025-03-23T10:20:17","date_gmt":"2025-03-23T10:20:17","guid":{"rendered":"https:\/\/chcestore.com\/pizama-elegance-m-l\/"},"modified":"2026-02-02T11:19:07","modified_gmt":"2026-02-02T11:19:07","slug":"pizama-elegance-m-l","status":"publish","type":"product","link":"https:\/\/chcestore.com\/en\/pizama-elegance-m-l\/","title":{"rendered":"Pi\u017cama Elegance M\/L"},"content":{"rendered":"<h2><span dir=\"auto\" style=\"vertical-align: inherit;\"><span dir=\"auto\" style=\"vertical-align: inherit;\"><span dir=\"auto\" style=\"vertical-align: inherit;\">2-cz\u0119\u015bciowy komplet Elegance<\/span><\/span><\/span><\/h2>\n<p>Zanurz si\u0119 w delikatno\u015b\u0107 i komfort dzi\u0119ki naszym oversize pi\u017camom, kt\u00f3re otul\u0105 Ci\u0119 wygod\u0105 i stylem. Wykonana z <b>najlepszych materia\u0142\u00f3w<\/b>, \u0142\u0105cz\u0105 w sobie <b>mi\u0119kko\u015b\u0107 <\/b>i <b>lekko\u015b\u0107<\/b> z ciep\u0142em oraz przytulno\u015bci\u0105 Twojego ulubionego stroju do spania.<\/p>\n<p><span dir=\"auto\" style=\"vertical-align: inherit;\"><span dir=\"auto\" style=\"vertical-align: inherit;\"><span dir=\"auto\" style=\"vertical-align: inherit;\">Materia\u0142: jedwab armani (97% poliester, 3% elastan)<\/span><\/span><\/span><\/p>\n<p><span dir=\"auto\" style=\"vertical-align: inherit;\"><span dir=\"auto\" style=\"vertical-align: inherit;\"><span dir=\"auto\" style=\"vertical-align: inherit;\">Wymiary <\/span><\/span><strong><span dir=\"auto\" style=\"vertical-align: inherit;\"><span dir=\"auto\" style=\"vertical-align: inherit;\">M\/L <\/span><\/span><\/strong><\/span><b><span dir=\"auto\" style=\"vertical-align: inherit;\"><span dir=\"auto\" style=\"vertical-align: inherit;\"><span dir=\"auto\" style=\"vertical-align: inherit;\">:<\/span><\/span><\/span><\/b><\/p>\n<p><span dir=\"auto\" style=\"vertical-align: inherit;\"><span dir=\"auto\" style=\"vertical-align: inherit;\"><span dir=\"auto\" style=\"vertical-align: inherit;\">\ud83c\udf80talia: <\/span><\/span><\/span><span dir=\"auto\" style=\"vertical-align: inherit;\"><strong style=\"color: #333333; font-size: 16px;\"><span dir=\"auto\" style=\"vertical-align: inherit;\"><span dir=\"auto\" style=\"vertical-align: inherit;\"><span dir=\"auto\" style=\"vertical-align: inherit;\">75\/80<\/span><\/span><\/span><\/strong><span dir=\"auto\" style=\"vertical-align: inherit;\"><span dir=\"auto\" style=\"vertical-align: inherit;\"><span dir=\"auto\" style=\"vertical-align: inherit;\"> \u00a0 cm<\/span><\/span><\/span><\/span><span dir=\"auto\" style=\"vertical-align: inherit;\"><b><span dir=\"auto\" style=\"vertical-align: inherit;\">\u00a0<\/span><\/b><\/span><\/p>\n<p><span dir=\"auto\" style=\"vertical-align: inherit;\"><span dir=\"auto\" style=\"vertical-align: inherit;\"><span dir=\"auto\" style=\"vertical-align: inherit;\"><span dir=\"auto\" style=\"vertical-align: inherit;\">\ud83c\udf80obw\u00f3d klatki \u015bciennej: <\/span><\/span><\/span><b><span dir=\"auto\" style=\"vertical-align: inherit;\">\u00a0<\/span><\/b><\/span><strong><span dir=\"auto\" style=\"vertical-align: inherit;\"><span dir=\"auto\" style=\"vertical-align: inherit;\"><span dir=\"auto\" style=\"vertical-align: inherit;\"><span dir=\"auto\" style=\"vertical-align: inherit;\">95\/100<\/span><\/span><\/span><\/span><\/strong><span dir=\"auto\" style=\"vertical-align: inherit;\"><span dir=\"auto\" style=\"vertical-align: inherit;\"><span dir=\"auto\" style=\"vertical-align: inherit;\"><span dir=\"auto\" style=\"vertical-align: inherit;\"> \u00a0 cm<\/span><\/span><\/span><\/span><b><\/b><\/p>\n<p><span dir=\"auto\" style=\"vertical-align: inherit;\"><span dir=\"auto\" style=\"vertical-align: inherit;\"><span dir=\"auto\" style=\"vertical-align: inherit;\"><span dir=\"auto\" style=\"vertical-align: inherit;\">\u00a0 \ud83c\udf80obw\u00f3d <\/span><\/span><\/span><span dir=\"auto\" style=\"vertical-align: inherit;\"><span dir=\"auto\" style=\"vertical-align: inherit;\"><span dir=\"auto\" style=\"vertical-align: inherit;\">bioder: <\/span><\/span><\/span><\/span><strong><span dir=\"auto\" style=\"vertical-align: inherit;\"><span dir=\"auto\" style=\"vertical-align: inherit;\"><span dir=\"auto\" style=\"vertical-align: inherit;\"><span dir=\"auto\" style=\"vertical-align: inherit;\">102\/105 <\/span><\/span><\/span><\/span><\/strong><b><span dir=\"auto\" style=\"vertical-align: inherit;\"><span dir=\"auto\" style=\"vertical-align: inherit;\"><span dir=\"auto\" style=\"vertical-align: inherit;\"><span dir=\"auto\" style=\"vertical-align: inherit;\">cm<\/span><\/span><\/span><\/span><\/b><\/p>\n<p><span dir=\"auto\" style=\"vertical-align: inherit;\"><span dir=\"auto\" style=\"vertical-align: inherit;\"><span dir=\"auto\" style=\"vertical-align: inherit;\">Modelka ma wiek 171 cm<\/span><\/span><\/span><\/p>\n<p><span dir=\"auto\" style=\"vertical-align: inherit;\"><span dir=\"auto\" style=\"vertical-align: inherit;\"><span dir=\"auto\" style=\"vertical-align: inherit;\">Wyrafinowany design i niezr\u00f3wnany komfort sprawi\u0105, \u017ce ka\u017cdy Tw\u00f3j dzie\u0144 b\u0119dzie wyj\u0105tkowy. Pozw\u00f3l sobie na wyj\u015bcie w \u015bwiat marze\u0144 i relaks z pi\u017camami.<\/span><\/span><\/span><\/p>\n<p><b><span dir=\"auto\" style=\"vertical-align: inherit;\"><span dir=\"auto\" style=\"vertical-align: inherit;\"><span dir=\"auto\" style=\"vertical-align: inherit;\">\ud83e\udd0dPoczuj si\u0119 sob\u0105!<\/span><\/span><\/span><\/b><\/p>\n","protected":false},"excerpt":{"rendered":"<h4><span dir=\"auto\" style=\"vertical-align: inherit;\"><span dir=\"auto\" style=\"vertical-align: inherit;\"><span dir=\"auto\" style=\"vertical-align: inherit;\">2-cz\u0119\u015bciowy komplet Elegance<\/span><\/span><\/span><\/h4>\n<p><span dir=\"auto\" style=\"vertical-align: inherit;\"><span dir=\"auto\" style=\"vertical-align: inherit;\"><span dir=\"auto\" style=\"vertical-align: inherit;\">Zanurz si\u0119 w delikatno\u015b\u0107 i komfort dzi\u0119ki naszym pi\u017camom, kt\u00f3re otul\u0105 Ci\u0119 wygod\u0105 i stylem.\u00a0<\/span><\/span><\/span><\/p>\n","protected":false},"featured_media":8436,"comment_status":"open","ping_status":"closed","template":"","meta":[],"product_brand":[],"product_cat":[104,63],"product_tag":[],"class_list":{"0":"post-8435","1":"product","2":"type-product","3":"status-publish","4":"has-post-thumbnail","6":"product_cat-bestsellery-en","7":"product_cat-63","9":"first","10":"instock","11":"featured","12":"shipping-taxable","13":"purchasable","14":"product-type-simple"},"_links":{"self":[{"href":"https:\/\/chcestore.com\/en\/wp-json\/wp\/v2\/product\/8435","targetHints":{"allow":["GET"]}}],"collection":[{"href":"https:\/\/chcestore.com\/en\/wp-json\/wp\/v2\/product"}],"about":[{"href":"https:\/\/chcestore.com\/en\/wp-json\/wp\/v2\/types\/product"}],"replies":[{"embeddable":true,"href":"https:\/\/chcestore.com\/en\/wp-json\/wp\/v2\/comments?post=8435"}],"version-history":[{"count":1,"href":"https:\/\/chcestore.com\/en\/wp-json\/wp\/v2\/product\/8435\/revisions"}],"predecessor-version":[{"id":8765,"href":"https:\/\/chcestore.com\/en\/wp-json\/wp\/v2\/product\/8435\/revisions\/8765"}],"wp:featuredmedia":[{"embeddable":true,"href":"https:\/\/chcestore.com\/en\/wp-json\/wp\/v2\/media\/8436"}],"wp:attachment":[{"href":"https:\/\/chcestore.com\/en\/wp-json\/wp\/v2\/media?parent=8435"}],"wp:term":[{"taxonomy":"product_brand","embeddable":true,"href":"https:\/\/chcestore.com\/en\/wp-json\/wp\/v2\/product_brand?post=8435"},{"taxonomy":"product_cat","embeddable":true,"href":"https:\/\/chcestore.com\/en\/wp-json\/wp\/v2\/product_cat?post=8435"},{"taxonomy":"product_tag","embeddable":true,"href":"https:\/\/chcestore.com\/en\/wp-json\/wp\/v2\/product_tag?post=8435"}],"curies":[{"name":"wp","href":"https:\/\/api.w.org\/{rel}","templated":true}]}}