{"id":8433,"date":"2025-03-24T11:26:15","date_gmt":"2025-03-24T11:26:15","guid":{"rendered":"https:\/\/chcestore.com\/firmowe-torby\/"},"modified":"2025-03-24T11:26:15","modified_gmt":"2025-03-24T11:26:15","slug":"firmowe-torby","status":"publish","type":"product","link":"https:\/\/chcestore.com\/en\/firmowe-torby\/","title":{"rendered":"Firmowe torby"},"content":{"rendered":"<h2>\u015aliczne torby od Chce<\/h2>\n<p>Wymiary: 42 x 35 x 15 cm<\/p>\n<p>Przedstawiamy Wam nasze<strong> pi\u0119kne<\/strong> firmowe <strong>torb<\/strong>y. B\u0119d\u0105 idealne, je\u015bli chcecie zrobi\u0107 <strong>prezent<\/strong>, albo po prostu sprawi\u0107 sobie <strong>przyjemno\u015b\u0107<\/strong>. Dzi\u0119ki tym torbom mo\u017cna <strong>elegancko<\/strong> <strong>pouk\u0142ada\u0107<\/strong> pi\u017camki, kosmetyczki lub spraye.<\/p>\n<p>&nbsp;<\/p>\n","protected":false},"excerpt":{"rendered":"<p>Przedstawiamy Wam nasze<strong> pi\u0119kne<\/strong> firmowe <strong>torb<\/strong>y. B\u0119d\u0105 idealne, je\u015bli chcecie zrobi\u0107 <strong>prezent<\/strong>, albo po prostu sprawi\u0107 sobie <strong>przyjemno\u015b\u0107<\/strong>. Dzi\u0119ki tym torbom mo\u017cna <strong>elegancko<\/strong> <strong>pouk\u0142ada\u0107<\/strong> pi\u017camki, kosmetyczki lub spraye. Torby s\u0105 <strong>pojemne<\/strong> i b\u0119d\u0105 Wam s\u0142u\u017cy\u0107 przez <strong>d\u0142ugi czas<\/strong>.<\/p>\n","protected":false},"featured_media":8434,"comment_status":"open","ping_status":"closed","template":"","meta":[],"product_brand":[],"product_cat":[109,63],"product_tag":[],"class_list":{"0":"post-8433","1":"product","2":"type-product","3":"status-publish","4":"has-post-thumbnail","6":"product_cat-stickers-en","7":"product_cat-63","9":"first","10":"instock","11":"shipping-taxable","12":"purchasable","13":"product-type-simple"},"_links":{"self":[{"href":"https:\/\/chcestore.com\/en\/wp-json\/wp\/v2\/product\/8433","targetHints":{"allow":["GET"]}}],"collection":[{"href":"https:\/\/chcestore.com\/en\/wp-json\/wp\/v2\/product"}],"about":[{"href":"https:\/\/chcestore.com\/en\/wp-json\/wp\/v2\/types\/product"}],"replies":[{"embeddable":true,"href":"https:\/\/chcestore.com\/en\/wp-json\/wp\/v2\/comments?post=8433"}],"version-history":[{"count":0,"href":"https:\/\/chcestore.com\/en\/wp-json\/wp\/v2\/product\/8433\/revisions"}],"wp:featuredmedia":[{"embeddable":true,"href":"https:\/\/chcestore.com\/en\/wp-json\/wp\/v2\/media\/8434"}],"wp:attachment":[{"href":"https:\/\/chcestore.com\/en\/wp-json\/wp\/v2\/media?parent=8433"}],"wp:term":[{"taxonomy":"product_brand","embeddable":true,"href":"https:\/\/chcestore.com\/en\/wp-json\/wp\/v2\/product_brand?post=8433"},{"taxonomy":"product_cat","embeddable":true,"href":"https:\/\/chcestore.com\/en\/wp-json\/wp\/v2\/product_cat?post=8433"},{"taxonomy":"product_tag","embeddable":true,"href":"https:\/\/chcestore.com\/en\/wp-json\/wp\/v2\/product_tag?post=8433"}],"curies":[{"name":"wp","href":"https:\/\/api.w.org\/{rel}","templated":true}]}}