{"id":8412,"date":"2025-03-26T13:12:54","date_gmt":"2025-03-26T13:12:54","guid":{"rendered":"https:\/\/chcestore.com\/balsam-do-ciala-byredo-bal-dafrique\/"},"modified":"2025-03-26T13:12:54","modified_gmt":"2025-03-26T13:12:54","slug":"balsam-do-ciala-byredo-bal-dafrique","status":"publish","type":"product","link":"https:\/\/chcestore.com\/en\/balsam-do-ciala-byredo-bal-dafrique\/","title":{"rendered":"Balsam do cia\u0142a Byredo Bal d&#8217;afrique"},"content":{"rendered":"<h2><strong>Balsam do cia\u0142a Byredo Bal d&#8217;afrique <\/strong>200 ml<\/h2>\n<p><span style=\"font-weight: 400;\">To zapach, kt\u00f3ry przenosi Ci\u0119 do \u015bwiata, gdzie kultura i natura splataj\u0105 si\u0119 w harmonijnym ta\u0144cu. M\u00f3wi o <strong>odwadze bycia sob\u0105<\/strong>, o podr\u00f3\u017cach, o mi\u0142o\u015bci do \u017cycia we wszystkich jego kolorach. <strong>Byredo Bal d&#8217;Afrique<\/strong> to nie tylko perfumy, to historia, kt\u00f3r\u0105 nosisz ze sob\u0105. <\/span><\/p>\n<p><span style=\"font-weight: 400;\"><strong>\u015awie\u017cy i cytrusowy pocz\u0105tek<\/strong>: G\u00f3rne nuty otwieraj\u0105 zapach wybuchowym cytrusowym akcentem, kt\u00f3ry daje poczucie lekko\u015bci i \u015bwie\u017co\u015bci. <\/span><\/p>\n<p><span style=\"font-weight: 400;\"><strong>Kwiatowe serce<\/strong>: Mi\u0119kko\u015b\u0107 ja\u015bminu i korzenia fio\u0142ka nadaje zapachowi subtelno\u015bci i ciep\u0142a.<\/span><\/p>\n<p><span style=\"font-weight: 400;\"><strong> Zmys\u0142owa baza<\/strong>: Wetiwer i pi\u017cmo zapewniaj\u0105 d\u0142ugotrwa\u0142y, ziemisty i zmys\u0142owy \u015blad, kt\u00f3ry utrzymuje si\u0119 przez d\u0142ugi czas. <\/span><\/p>\n","protected":false},"excerpt":{"rendered":"<p><strong>\u00a0Lekki<\/strong>, <strong>perfumowany<\/strong> balsam do cia\u0142a, idealny do <strong>codziennego u\u017cytku<\/strong>. Ma przyjemny, delikatny zapach, g\u0142\u0119boko <strong>nawil\u017ca<\/strong> i<strong> orze\u017awia<\/strong> sk\u00f3r\u0119. Sk\u00f3ra staje si\u0119 <strong>mi\u0119kka<\/strong> i <strong>elastyczna<\/strong>. <strong>Hipoalergiczny<\/strong>.\u00a0<strong>200 ml.<\/strong><\/p>\n<h2><\/h2>\n","protected":false},"featured_media":8413,"comment_status":"open","ping_status":"closed","template":"","meta":[],"product_brand":[],"product_cat":[107,106],"product_tag":[],"class_list":{"0":"post-8412","1":"product","2":"type-product","3":"status-publish","4":"has-post-thumbnail","6":"product_cat-balsame-en","7":"product_cat-spraye-en","9":"first","10":"instock","11":"shipping-taxable","12":"purchasable","13":"product-type-simple"},"_links":{"self":[{"href":"https:\/\/chcestore.com\/en\/wp-json\/wp\/v2\/product\/8412","targetHints":{"allow":["GET"]}}],"collection":[{"href":"https:\/\/chcestore.com\/en\/wp-json\/wp\/v2\/product"}],"about":[{"href":"https:\/\/chcestore.com\/en\/wp-json\/wp\/v2\/types\/product"}],"replies":[{"embeddable":true,"href":"https:\/\/chcestore.com\/en\/wp-json\/wp\/v2\/comments?post=8412"}],"version-history":[{"count":0,"href":"https:\/\/chcestore.com\/en\/wp-json\/wp\/v2\/product\/8412\/revisions"}],"wp:featuredmedia":[{"embeddable":true,"href":"https:\/\/chcestore.com\/en\/wp-json\/wp\/v2\/media\/8413"}],"wp:attachment":[{"href":"https:\/\/chcestore.com\/en\/wp-json\/wp\/v2\/media?parent=8412"}],"wp:term":[{"taxonomy":"product_brand","embeddable":true,"href":"https:\/\/chcestore.com\/en\/wp-json\/wp\/v2\/product_brand?post=8412"},{"taxonomy":"product_cat","embeddable":true,"href":"https:\/\/chcestore.com\/en\/wp-json\/wp\/v2\/product_cat?post=8412"},{"taxonomy":"product_tag","embeddable":true,"href":"https:\/\/chcestore.com\/en\/wp-json\/wp\/v2\/product_tag?post=8412"}],"curies":[{"name":"wp","href":"https:\/\/api.w.org\/{rel}","templated":true}]}}