{"id":8408,"date":"2025-03-26T13:23:10","date_gmt":"2025-03-26T13:23:10","guid":{"rendered":"https:\/\/chcestore.com\/balsam-do-ciala-tom-ford-sherry-smoke\/"},"modified":"2025-03-26T13:23:10","modified_gmt":"2025-03-26T13:23:10","slug":"balsam-do-ciala-tom-ford-sherry-smoke","status":"publish","type":"product","link":"https:\/\/chcestore.com\/en\/balsam-do-ciala-tom-ford-sherry-smoke\/","title":{"rendered":"Balsam do cia\u0142a Tom Ford \u0421herry Smoke"},"content":{"rendered":"<h2><strong>Balsam do cia\u0142a Tom Ford \u0421herry Smoke <\/strong>200 ml<\/h2>\n<p><span style=\"font-weight: 400;\">Zapach <strong>prowokacji<\/strong>, kt\u00f3ry otula swoj\u0105<strong> tajemniczo\u015bci\u0105<\/strong> i <strong>pewno\u015bci\u0105 siebie<\/strong>. Cherry Smoke ods\u0142ania charakter <strong>\u015bmia\u0142ego<\/strong>, <strong>zmys\u0142owego i tajemniczego wizerunku<\/strong>, kt\u00f3ry oczarowuje od pierwszego momentu. To wi\u0119cej ni\u017c zapach. To <strong>historia<\/strong> pasji, tajemniczo\u015bci i harmonii przeciwie\u0144stw. <strong>Wyszukany <\/strong>zapach, kt\u00f3ry <strong>\u0142\u0105czy<\/strong> s\u0142odycz <strong>dojrza\u0142ej wi\u015bni<\/strong> z dymnymi i przyprawowymi <strong>akordami<\/strong>.<\/span><span style=\"font-weight: 400;\"><strong>S\u0142odki i owocowy<\/strong> pocz\u0105tek: Dojrza\u0142a, soczysta <strong>wi\u015bnia<\/strong> wprowadza zapach g\u0142\u0119bok\u0105 s\u0142odycz\u0105, kt\u00f3ra natychmiast przyci\u0105ga uwag\u0119.<\/span><span style=\"font-weight: 400;\"><br \/>\n<\/span><span style=\"font-weight: 400;\"><strong>Kwiatowo-przyprawowe serce<\/strong>: Osmanthus i ja\u015bmin dodaj\u0105 wyrafinowanej kwiatowej delikatno\u015bci, balansuj\u0105c s\u0142odycz.<\/span><span style=\"font-weight: 400;\"><br \/>\n<\/span><span style=\"font-weight: 400;\"><strong>Dymna, zmys\u0142owa baza<\/strong>: \u015alad dymnych nut, drewna i balsamu tworzy intensywne i ciep\u0142e wyko\u0144czenie, kt\u00f3re otula tajemniczo\u015bci\u0105 i urokiem.<\/span><\/p>\n","protected":false},"excerpt":{"rendered":"<p><strong>\u00a0Lekki<\/strong>, <strong>perfumowany<\/strong> balsam do cia\u0142a, idealny do <strong>codziennego u\u017cytku<\/strong>. Ma przyjemny, delikatny zapach, g\u0142\u0119boko <strong>nawil\u017ca<\/strong> i<strong> orze\u017awia<\/strong> sk\u00f3r\u0119. Sk\u00f3ra staje si\u0119 <strong>mi\u0119kka<\/strong> i <strong>elastyczna<\/strong>. <strong>Hipoalergiczny<\/strong>.\u00a0<strong>200 ml.<\/strong><\/p>\n<h2><\/h2>\n","protected":false},"featured_media":8409,"comment_status":"open","ping_status":"closed","template":"","meta":[],"product_brand":[],"product_cat":[107,106],"product_tag":[],"class_list":{"0":"post-8408","1":"product","2":"type-product","3":"status-publish","4":"has-post-thumbnail","6":"product_cat-balsame-en","7":"product_cat-spraye-en","9":"first","10":"outofstock","11":"shipping-taxable","12":"purchasable","13":"product-type-simple"},"_links":{"self":[{"href":"https:\/\/chcestore.com\/en\/wp-json\/wp\/v2\/product\/8408","targetHints":{"allow":["GET"]}}],"collection":[{"href":"https:\/\/chcestore.com\/en\/wp-json\/wp\/v2\/product"}],"about":[{"href":"https:\/\/chcestore.com\/en\/wp-json\/wp\/v2\/types\/product"}],"replies":[{"embeddable":true,"href":"https:\/\/chcestore.com\/en\/wp-json\/wp\/v2\/comments?post=8408"}],"version-history":[{"count":0,"href":"https:\/\/chcestore.com\/en\/wp-json\/wp\/v2\/product\/8408\/revisions"}],"wp:featuredmedia":[{"embeddable":true,"href":"https:\/\/chcestore.com\/en\/wp-json\/wp\/v2\/media\/8409"}],"wp:attachment":[{"href":"https:\/\/chcestore.com\/en\/wp-json\/wp\/v2\/media?parent=8408"}],"wp:term":[{"taxonomy":"product_brand","embeddable":true,"href":"https:\/\/chcestore.com\/en\/wp-json\/wp\/v2\/product_brand?post=8408"},{"taxonomy":"product_cat","embeddable":true,"href":"https:\/\/chcestore.com\/en\/wp-json\/wp\/v2\/product_cat?post=8408"},{"taxonomy":"product_tag","embeddable":true,"href":"https:\/\/chcestore.com\/en\/wp-json\/wp\/v2\/product_tag?post=8408"}],"curies":[{"name":"wp","href":"https:\/\/api.w.org\/{rel}","templated":true}]}}