{"id":8406,"date":"2025-03-26T13:31:59","date_gmt":"2025-03-26T13:31:59","guid":{"rendered":"https:\/\/chcestore.com\/balsam-do-ciala-bvlgari-omnia\/"},"modified":"2025-03-26T13:31:59","modified_gmt":"2025-03-26T13:31:59","slug":"balsam-do-ciala-bvlgari-omnia","status":"publish","type":"product","link":"https:\/\/chcestore.com\/en\/balsam-do-ciala-bvlgari-omnia\/","title":{"rendered":"Balsam do cia\u0142a Bvlgari Omnia"},"content":{"rendered":"<h2><strong>Balsam do cia\u0142a Bvlgari Omnia <\/strong>200 ml<\/h2>\n<p><span style=\"font-weight: 400;\">Ten zapach przypomina spacer wzd\u0142u\u017c morskiego wybrze\u017ca w s\u0142oneczny dzie\u0144. Jest to zapach o<strong> kobieco\u015bci<\/strong>, <strong>rado\u015bci<\/strong> i <strong>pi\u0119knie chwil<\/strong>, kt\u00f3re daje natura. <strong>Bvlgari Omnia Coral<\/strong> to zapach, kt\u00f3ry podkre\u015bli Twoj\u0105 <strong>urokliwo\u015b\u0107<\/strong> i doda blasku Twojemu wizerunkowi.<\/span><\/p>\n<p><span style=\"font-weight: 400;\"><strong> Soczysty i owocowy pocz\u0105tek<\/strong>: Jagody goji i bergamotka tworz\u0105 wybuchow\u0105, \u015bwie\u017c\u0105 kompozycj\u0119, kt\u00f3ra wprowadza w dobry nastr\u00f3j.<\/span><\/p>\n<p><span style=\"font-weight: 400;\"><strong> Kwiatowe serce<\/strong>: Hibiskus i lilia wodna dodaj\u0105 zapachowi wyrafinowania, tworz\u0105c wra\u017cenie letniego rozkwitu. <\/span><\/p>\n<p><span style=\"font-weight: 400;\"><strong>Ciep\u0142y, zmys\u0142owy \u015blad<\/strong>: Nuty pi\u017cma i cedru zostawiaj\u0105 delikatny, trwa\u0142y \u015blad, kt\u00f3ry otula ciep\u0142em i spokojem.\u00a0<\/span><\/p>\n","protected":false},"excerpt":{"rendered":"<p><strong>\u00a0Lekki<\/strong>, <strong>perfumowany<\/strong> balsam do cia\u0142a, idealny do <strong>codziennego u\u017cytku<\/strong>. Ma przyjemny, delikatny zapach, g\u0142\u0119boko <strong>nawil\u017ca<\/strong> i<strong> orze\u017awia<\/strong> sk\u00f3r\u0119. Sk\u00f3ra staje si\u0119 <strong>mi\u0119kka<\/strong> i <strong>elastyczna<\/strong>. <strong>Hipoalergiczny<\/strong>.\u00a0<strong>200 ml.<\/strong><\/p>\n<h2><\/h2>\n","protected":false},"featured_media":8407,"comment_status":"open","ping_status":"closed","template":"","meta":[],"product_brand":[],"product_cat":[107,106],"product_tag":[],"class_list":{"0":"post-8406","1":"product","2":"type-product","3":"status-publish","4":"has-post-thumbnail","6":"product_cat-balsame-en","7":"product_cat-spraye-en","9":"first","10":"outofstock","11":"shipping-taxable","12":"purchasable","13":"product-type-simple"},"_links":{"self":[{"href":"https:\/\/chcestore.com\/en\/wp-json\/wp\/v2\/product\/8406","targetHints":{"allow":["GET"]}}],"collection":[{"href":"https:\/\/chcestore.com\/en\/wp-json\/wp\/v2\/product"}],"about":[{"href":"https:\/\/chcestore.com\/en\/wp-json\/wp\/v2\/types\/product"}],"replies":[{"embeddable":true,"href":"https:\/\/chcestore.com\/en\/wp-json\/wp\/v2\/comments?post=8406"}],"version-history":[{"count":0,"href":"https:\/\/chcestore.com\/en\/wp-json\/wp\/v2\/product\/8406\/revisions"}],"wp:featuredmedia":[{"embeddable":true,"href":"https:\/\/chcestore.com\/en\/wp-json\/wp\/v2\/media\/8407"}],"wp:attachment":[{"href":"https:\/\/chcestore.com\/en\/wp-json\/wp\/v2\/media?parent=8406"}],"wp:term":[{"taxonomy":"product_brand","embeddable":true,"href":"https:\/\/chcestore.com\/en\/wp-json\/wp\/v2\/product_brand?post=8406"},{"taxonomy":"product_cat","embeddable":true,"href":"https:\/\/chcestore.com\/en\/wp-json\/wp\/v2\/product_cat?post=8406"},{"taxonomy":"product_tag","embeddable":true,"href":"https:\/\/chcestore.com\/en\/wp-json\/wp\/v2\/product_tag?post=8406"}],"curies":[{"name":"wp","href":"https:\/\/api.w.org\/{rel}","templated":true}]}}