{"id":8404,"date":"2025-03-26T13:34:41","date_gmt":"2025-03-26T13:34:41","guid":{"rendered":"https:\/\/chcestore.com\/balsam-do-ciala-miss-dior-blooming-bouquet\/"},"modified":"2025-03-26T13:34:41","modified_gmt":"2025-03-26T13:34:41","slug":"balsam-do-ciala-miss-dior-blooming-bouquet","status":"publish","type":"product","link":"https:\/\/chcestore.com\/en\/balsam-do-ciala-miss-dior-blooming-bouquet\/","title":{"rendered":"Balsam do cia\u0142a Miss Dior Blooming Bouquet"},"content":{"rendered":"<h2><strong>Balsam do cia\u0142a Miss Dior Blooming Bouquet <\/strong>200 ml<\/h2>\n<p><span style=\"font-weight: 400;\"><strong>Lekki<\/strong>, <strong>romantyczny<\/strong> i <strong>wyrafinowany<\/strong> zapach, kt\u00f3ry przypomina bukiet <strong>\u015bwie\u017co \u015bci\u0119tych kwiat\u00f3w<\/strong>, nape\u0142niaj\u0105c dzie\u0144 lekko\u015bci\u0105 i subtelnym urokiem. <\/span><\/p>\n<p><span style=\"font-weight: 400;\"><strong>Jasny i cytrusowy pocz\u0105tek<\/strong>: delikatna mandarynka otwiera zapach \u015bwie\u017cym i orze\u017awiaj\u0105cym akordem.<\/span><span style=\"font-weight: 400;\"><br \/>\n<\/span><span style=\"font-weight: 400;\"><strong>Kwiatowe serce<\/strong>: piwonia i r\u00f3\u017ca damasce\u0144ska nadaj\u0105 zapachowi elegancji i mi\u0119kko\u015bci, tworz\u0105c efekt luksusowego bukietu kwiatowego.<\/span><span style=\"font-weight: 400;\"><br \/>\n<\/span><span style=\"font-weight: 400;\"><strong>Delikatny \u015blad<\/strong>: bia\u0142y pi\u017cmo dope\u0142nia kompozycj\u0119 subteln\u0105, pudrow\u0105 nut\u0105, kt\u00f3ra daje ciep\u0142o i zmys\u0142owo\u015b\u0107. To zapach, kt\u00f3ry przypomina<\/span><span style=\"font-weight: 400;\">\u00a0\u015bwit w kwitn\u0105cym ogrodzie. Jest pe\u0142en <strong>rado\u015bci<\/strong>, <strong>optymizmu<\/strong> i <strong>zmys\u0142owo\u015bci<\/strong>. <\/span><\/p>\n<p><span style=\"font-weight: 400;\">Miss Dior Blooming Bouquet to wi\u0119cej ni\u017c zapach. To Tw\u00f3j codzienny <strong>komplement od Dior<\/strong>!<\/span><\/p>\n<p>&nbsp;<\/p>\n","protected":false},"excerpt":{"rendered":"<p><strong>\u00a0Lekki<\/strong>, <strong>perfumowany<\/strong> balsam do cia\u0142a, idealny do <strong>codziennego u\u017cytku<\/strong>. Ma przyjemny, delikatny zapach, g\u0142\u0119boko <strong>nawil\u017ca<\/strong> i<strong> orze\u017awia<\/strong> sk\u00f3r\u0119. Sk\u00f3ra staje si\u0119 <strong>mi\u0119kka<\/strong> i <strong>elastyczna<\/strong>. <strong>Hipoalergiczny<\/strong>.\u00a0<strong>200 ml.<\/strong><\/p>\n<h2><\/h2>\n","protected":false},"featured_media":8405,"comment_status":"open","ping_status":"closed","template":"","meta":[],"product_brand":[],"product_cat":[107,106],"product_tag":[],"class_list":{"0":"post-8404","1":"product","2":"type-product","3":"status-publish","4":"has-post-thumbnail","6":"product_cat-balsame-en","7":"product_cat-spraye-en","9":"first","10":"instock","11":"shipping-taxable","12":"purchasable","13":"product-type-simple"},"_links":{"self":[{"href":"https:\/\/chcestore.com\/en\/wp-json\/wp\/v2\/product\/8404","targetHints":{"allow":["GET"]}}],"collection":[{"href":"https:\/\/chcestore.com\/en\/wp-json\/wp\/v2\/product"}],"about":[{"href":"https:\/\/chcestore.com\/en\/wp-json\/wp\/v2\/types\/product"}],"replies":[{"embeddable":true,"href":"https:\/\/chcestore.com\/en\/wp-json\/wp\/v2\/comments?post=8404"}],"version-history":[{"count":0,"href":"https:\/\/chcestore.com\/en\/wp-json\/wp\/v2\/product\/8404\/revisions"}],"wp:featuredmedia":[{"embeddable":true,"href":"https:\/\/chcestore.com\/en\/wp-json\/wp\/v2\/media\/8405"}],"wp:attachment":[{"href":"https:\/\/chcestore.com\/en\/wp-json\/wp\/v2\/media?parent=8404"}],"wp:term":[{"taxonomy":"product_brand","embeddable":true,"href":"https:\/\/chcestore.com\/en\/wp-json\/wp\/v2\/product_brand?post=8404"},{"taxonomy":"product_cat","embeddable":true,"href":"https:\/\/chcestore.com\/en\/wp-json\/wp\/v2\/product_cat?post=8404"},{"taxonomy":"product_tag","embeddable":true,"href":"https:\/\/chcestore.com\/en\/wp-json\/wp\/v2\/product_tag?post=8404"}],"curies":[{"name":"wp","href":"https:\/\/api.w.org\/{rel}","templated":true}]}}