{"id":8390,"date":"2025-08-22T06:09:04","date_gmt":"2025-08-22T06:09:04","guid":{"rendered":"https:\/\/chcestore.com\/komplet-white-muse-s-m\/"},"modified":"2025-08-22T06:09:04","modified_gmt":"2025-08-22T06:09:04","slug":"komplet-white-muse-s-m","status":"publish","type":"product","link":"https:\/\/chcestore.com\/en\/komplet-white-muse-s-m\/","title":{"rendered":"Komplet White Muse S\/M"},"content":{"rendered":"<h2>Przepi\u0119kny 3-cz\u0119\u015bciowy komplet <strong>White Muse<\/strong><\/h2>\n<h3><strong>(Top+Spodnie+Szlafrok). <\/strong>Zapewnia mi\u0119kko\u015b\u0107 i naturalne odczucie na sk\u00f3rze.<\/h3>\n<p>Wymiary<b>\u00a0S\/M:<\/b><\/p>\n<p>\ud83c\udf80talia: <b>62\/70<\/b> cm.<\/p>\n<p>\ud83c\udf80obw\u00f3d klatki piersiowej:\u00a0<b>85\/95<\/b> cm.<\/p>\n<p>\ud83c\udf80obw\u00f3d bioder: <b>90\/98<\/b> cm.<\/p>\n<p>Modelka ma wzrost 172 cm<\/p>\n<p><b>Wygoda: <\/b>Lekki i oddychaj\u0105cy materia\u0142.<\/p>\n<p><span style=\"font-weight: 400;\">Praktyczny, a jednocze\u015bnie niezwykle estetyczny komplet z szerokimi spodniami, topem i szlafrokiem. Idealna propozycja do domowego relaksu \u2013 ale nie tylko. Taki komplet sprawdzi si\u0119 r\u00f3wnie\u017c podczas wyj\u0105tkowych okazji. Spodnie na mi\u0119kkiej gumce zapewni\u0105 pe\u0142en komfort, a szlafrok doda stylizacji subtelno\u015bci i klasy. To w\u0142a\u015bnie ten komplet, w kt\u00f3rym chce si\u0119 zosta\u0107 przez ca\u0142y dzie\u0144.<\/span><\/p>\n<p><span style=\"font-weight: 400;\">Przeznaczenie: na przytulny dzie\u0144 w domu, odpoczynek, prezent, a tak\u017ce na spacer.<\/span><\/p>\n<p><b>\ud83e\udd0dPoczuj si\u0119 sob\u0105!<\/b><\/p>\n","protected":false},"excerpt":{"rendered":"<p>Komplet White Muse<\/p>\n<p>Zapewnia mi\u0119kko\u015b\u0107 i naturalne odczucie na sk\u00f3rze.<\/p>\n<p><b>Wygoda: <\/b>Lekki i oddychaj\u0105cy materia\u0142.<\/p>\n","protected":false},"featured_media":8079,"comment_status":"open","ping_status":"closed","template":"","meta":[],"product_brand":[],"product_cat":[101,63],"product_tag":[],"class_list":{"0":"post-8390","1":"product","2":"type-product","3":"status-publish","4":"has-post-thumbnail","6":"product_cat-komplety-en","7":"product_cat-63","9":"first","10":"outofstock","11":"shipping-taxable","12":"purchasable","13":"product-type-simple"},"_links":{"self":[{"href":"https:\/\/chcestore.com\/en\/wp-json\/wp\/v2\/product\/8390","targetHints":{"allow":["GET"]}}],"collection":[{"href":"https:\/\/chcestore.com\/en\/wp-json\/wp\/v2\/product"}],"about":[{"href":"https:\/\/chcestore.com\/en\/wp-json\/wp\/v2\/types\/product"}],"replies":[{"embeddable":true,"href":"https:\/\/chcestore.com\/en\/wp-json\/wp\/v2\/comments?post=8390"}],"version-history":[{"count":0,"href":"https:\/\/chcestore.com\/en\/wp-json\/wp\/v2\/product\/8390\/revisions"}],"wp:featuredmedia":[{"embeddable":true,"href":"https:\/\/chcestore.com\/en\/wp-json\/wp\/v2\/media\/8079"}],"wp:attachment":[{"href":"https:\/\/chcestore.com\/en\/wp-json\/wp\/v2\/media?parent=8390"}],"wp:term":[{"taxonomy":"product_brand","embeddable":true,"href":"https:\/\/chcestore.com\/en\/wp-json\/wp\/v2\/product_brand?post=8390"},{"taxonomy":"product_cat","embeddable":true,"href":"https:\/\/chcestore.com\/en\/wp-json\/wp\/v2\/product_cat?post=8390"},{"taxonomy":"product_tag","embeddable":true,"href":"https:\/\/chcestore.com\/en\/wp-json\/wp\/v2\/product_tag?post=8390"}],"curies":[{"name":"wp","href":"https:\/\/api.w.org\/{rel}","templated":true}]}}