{"id":8383,"date":"2025-08-26T10:46:40","date_gmt":"2025-08-26T10:46:40","guid":{"rendered":"https:\/\/chcestore.com\/komplet-cocoa-m-l\/"},"modified":"2025-08-26T10:46:40","modified_gmt":"2025-08-26T10:46:40","slug":"komplet-cocoa-m-l","status":"publish","type":"product","link":"https:\/\/chcestore.com\/en\/komplet-cocoa-m-l\/","title":{"rendered":"Komplet Cocoa M\/L"},"content":{"rendered":"<h2>Przepi\u0119kny 3-cz\u0119\u015bciowy komplet <strong>Cocoa<\/strong><\/h2>\n<h3><strong>(T-shirt+spodnie+lekki kardigan). To look, w kt\u00f3rym po\u0142\u0105czono estetyk\u0119, komfort i funkcjonalno\u015b\u0107.<\/strong><\/h3>\n<p>Wymiary<b> M\/L:<\/b><\/p>\n<p>\ud83c\udf80talia: <b>65\/75<\/b>\u00a0cm.<\/p>\n<p>\ud83c\udf80obw\u00f3d klatki piersiowej:<strong> 90<\/strong><b>\/100<\/b>\u00a0cm.<\/p>\n<p>\ud83c\udf80obw\u00f3d bioder: <b>94\/105<\/b>\u00a0cm.<\/p>\n<p>Modelka ma wzrost 172 cm<\/p>\n<p><span style=\"font-weight: 400;\"><strong>Materia\u0142:<\/strong> 100% wiskoza, mi\u0119kka, elastyczna, przyjemna w dotyku i oddychaj\u0105ca.<\/span><\/p>\n<p><span style=\"font-weight: 400;\">Zestaw obejmuje:<\/span><\/p>\n<p><span style=\"font-weight: 400;\">T-shirt z falowanym brzegiem \u2013 dodaje lekko\u015bci i delikatno\u015bci stylizacji;<\/span><\/p>\n<p><span style=\"font-weight: 400;\">Lu\u017ane spodnie z wysokim stanem \u2013 wygodne i stylowe;<\/span><\/p>\n<p><span style=\"font-weight: 400;\">Lekki szlafrok na zak\u0142adk\u0119 z r\u0119kawami dzwonami \u2013 nadaje elegancji i przytulno\u015bci, optycznie wysmukla sylwetk\u0119 dzi\u0119ki d\u0142ugo\u015bci i p\u0142ynnemu drapowaniu tkaniny.<\/span><\/p>\n<p><span style=\"font-weight: 400;\">Idealny na poranne rytua\u0142y, spokojne wieczory czy relaks w domu, a tak\u017ce na spacery na \u015bwie\u017cym powietrzu. Szlafrok nie tylko ogrzewa, ale r\u00f3wnie\u017c dodaje zestawowi elegancji.<\/span><\/p>\n<p><span style=\"font-weight: 400;\">T-shirt i spodnie mo\u017cna nosi\u0107 osobno. D\u0142ugo\u015b\u0107 szlafroka do kostek, lu\u017any kr\u00f3j.<\/span><\/p>\n<p><b>\ud83e\udd0dPoczuj si\u0119 sob\u0105!<\/b><\/p>\n","protected":false},"excerpt":{"rendered":"<p>Komplet Cocoa<\/p>\n<p><span style=\"font-weight: 400;\">(t-shirt+spodnie+szlafrok).<\/span><\/p>\n<p><span style=\"font-weight: 400;\">Materia\u0142: 100% wiskoza.<\/span><\/p>\n<p><b>Wygoda: <\/b>Lekki i oddychaj\u0105cy materia\u0142.<\/p>\n","protected":false},"featured_media":8112,"comment_status":"open","ping_status":"closed","template":"","meta":[],"product_brand":[],"product_cat":[101,63],"product_tag":[],"class_list":{"0":"post-8383","1":"product","2":"type-product","3":"status-publish","4":"has-post-thumbnail","6":"product_cat-komplety-en","7":"product_cat-63","9":"first","10":"outofstock","11":"shipping-taxable","12":"purchasable","13":"product-type-simple"},"_links":{"self":[{"href":"https:\/\/chcestore.com\/en\/wp-json\/wp\/v2\/product\/8383","targetHints":{"allow":["GET"]}}],"collection":[{"href":"https:\/\/chcestore.com\/en\/wp-json\/wp\/v2\/product"}],"about":[{"href":"https:\/\/chcestore.com\/en\/wp-json\/wp\/v2\/types\/product"}],"replies":[{"embeddable":true,"href":"https:\/\/chcestore.com\/en\/wp-json\/wp\/v2\/comments?post=8383"}],"version-history":[{"count":0,"href":"https:\/\/chcestore.com\/en\/wp-json\/wp\/v2\/product\/8383\/revisions"}],"wp:featuredmedia":[{"embeddable":true,"href":"https:\/\/chcestore.com\/en\/wp-json\/wp\/v2\/media\/8112"}],"wp:attachment":[{"href":"https:\/\/chcestore.com\/en\/wp-json\/wp\/v2\/media?parent=8383"}],"wp:term":[{"taxonomy":"product_brand","embeddable":true,"href":"https:\/\/chcestore.com\/en\/wp-json\/wp\/v2\/product_brand?post=8383"},{"taxonomy":"product_cat","embeddable":true,"href":"https:\/\/chcestore.com\/en\/wp-json\/wp\/v2\/product_cat?post=8383"},{"taxonomy":"product_tag","embeddable":true,"href":"https:\/\/chcestore.com\/en\/wp-json\/wp\/v2\/product_tag?post=8383"}],"curies":[{"name":"wp","href":"https:\/\/api.w.org\/{rel}","templated":true}]}}