{"id":8381,"date":"2025-09-03T08:54:54","date_gmt":"2025-09-03T08:54:54","guid":{"rendered":"https:\/\/chcestore.com\/komplet-amber-s-m\/"},"modified":"2026-01-13T13:32:09","modified_gmt":"2026-01-13T13:32:09","slug":"komplet-amber-s-m","status":"publish","type":"product","link":"https:\/\/chcestore.com\/en\/komplet-amber-s-m\/","title":{"rendered":"Komplet Amber S\/M"},"content":{"rendered":"<h2>Przepi\u0119kny 3-cz\u0119\u015bciowy komplet <strong>Amber<\/strong><\/h2>\n<h3><strong>(top+spodnie+szlafrok). Idealny wyb\u00f3r na relaks w domu lub na spacery. Uniwersalny i elegancki design pozwala nosi\u0107 zestaw zar\u00f3wno w domu, jak i poza nim.<\/strong><\/h3>\n<p>Wymiary<b> S\/M:<\/b><\/p>\n<p>d\u0142ugo\u015b\u0107 r\u0119kawa: 60 cm<\/p>\n<p>d\u0142ugo\u015b\u0107 spodni: 105 cm<\/p>\n<p>talia: 60\/\/64 cm<\/p>\n<p>obw\u00f3d klatki piersiowej: 83\/90 cm<\/p>\n<p>obw\u00f3d bioder: 88\/94 cm<\/p>\n<p>Modelka ma wzrost 171 cm<\/p>\n<p><span style=\"font-weight: 400;\"><strong>Materia\u0142:<\/strong> 75% wiskoza, 25% poliester \u2013 wiskoza zapewnia mi\u0119kko\u015b\u0107 i oddychalno\u015b\u0107, poliester trwa\u0142o\u015b\u0107 i odporno\u015b\u0107 na zu\u017cycie. Lekki, przyjemny w dotyku materia\u0142 pozwala sk\u00f3rze oddycha\u0107.<\/span><\/p>\n<p><span style=\"font-weight: 400;\">Ten stylowy i komfortowy zestaw obejmuje:<\/span><\/p>\n<p><span style=\"font-weight: 400;\">Szlafrok \u2013 lekkie, lu\u017ane, o prostym kroju, kt\u00f3ry dodaje elegancji i komfortu;<\/span><\/p>\n<p><span style=\"font-weight: 400;\">Lekki top \u2013 prosty, ale stylowy, z delikatnym dekoltem i subtelnym wyko\u0144czeniem;<\/span><\/p>\n<p><span style=\"font-weight: 400;\">Wygodne spodnie \u2013 o swobodnym kroju, zapewniaj\u0105 maksymalny komfort.<\/span><\/p>\n<p><b>\ud83e\udd0dPoczuj si\u0119 sob\u0105!<\/b><\/p>\n","protected":false},"excerpt":{"rendered":"<p>Komplet Amber<\/p>\n<p><span style=\"font-weight: 400;\">(top+spodnie+szlafrok).<\/span><\/p>\n<p>Idealny wyb\u00f3r na relaks w domu lub na spacery. Uniwersalny i elegancki design pozwala nosi\u0107 zestaw zar\u00f3wno w domu, jak i poza nim.<\/p>\n<p>&nbsp;<\/p>\n","protected":false},"featured_media":8178,"comment_status":"open","ping_status":"closed","template":"","meta":[],"product_brand":[],"product_cat":[101,63],"product_tag":[],"class_list":{"0":"post-8381","1":"product","2":"type-product","3":"status-publish","4":"has-post-thumbnail","6":"product_cat-komplety-en","7":"product_cat-63","9":"first","10":"outofstock","11":"shipping-taxable","12":"purchasable","13":"product-type-simple"},"_links":{"self":[{"href":"https:\/\/chcestore.com\/en\/wp-json\/wp\/v2\/product\/8381","targetHints":{"allow":["GET"]}}],"collection":[{"href":"https:\/\/chcestore.com\/en\/wp-json\/wp\/v2\/product"}],"about":[{"href":"https:\/\/chcestore.com\/en\/wp-json\/wp\/v2\/types\/product"}],"replies":[{"embeddable":true,"href":"https:\/\/chcestore.com\/en\/wp-json\/wp\/v2\/comments?post=8381"}],"version-history":[{"count":1,"href":"https:\/\/chcestore.com\/en\/wp-json\/wp\/v2\/product\/8381\/revisions"}],"predecessor-version":[{"id":8730,"href":"https:\/\/chcestore.com\/en\/wp-json\/wp\/v2\/product\/8381\/revisions\/8730"}],"wp:featuredmedia":[{"embeddable":true,"href":"https:\/\/chcestore.com\/en\/wp-json\/wp\/v2\/media\/8178"}],"wp:attachment":[{"href":"https:\/\/chcestore.com\/en\/wp-json\/wp\/v2\/media?parent=8381"}],"wp:term":[{"taxonomy":"product_brand","embeddable":true,"href":"https:\/\/chcestore.com\/en\/wp-json\/wp\/v2\/product_brand?post=8381"},{"taxonomy":"product_cat","embeddable":true,"href":"https:\/\/chcestore.com\/en\/wp-json\/wp\/v2\/product_cat?post=8381"},{"taxonomy":"product_tag","embeddable":true,"href":"https:\/\/chcestore.com\/en\/wp-json\/wp\/v2\/product_tag?post=8381"}],"curies":[{"name":"wp","href":"https:\/\/api.w.org\/{rel}","templated":true}]}}