{"id":7947,"date":"2025-08-21T07:04:56","date_gmt":"2025-08-21T07:04:56","guid":{"rendered":"https:\/\/chcestore.com\/?post_type=product&#038;p=7947"},"modified":"2026-02-02T11:14:08","modified_gmt":"2026-02-02T11:14:08","slug":"pizama-dream-m-l","status":"publish","type":"product","link":"https:\/\/chcestore.com\/pizama-dream-m-l\/","title":{"rendered":"Pi\u017cama Girl M\/L"},"content":{"rendered":"<h2>Przepi\u0119kny 2-cz\u0119\u015bciowy komplet Girl<\/h2>\n<h3><b>Jako\u015b\u0107 premium, 100% bawe\u0142na, <\/b>zapewnia mi\u0119kko\u015b\u0107 i naturalne odczucie na sk\u00f3rze.<\/h3>\n<p>Rozmiar<b> M\/L:<\/b><\/p>\n<p>\ud83c\udf80talia: <b>65\/75<\/b>\u00a0cm.<\/p>\n<p>\ud83c\udf80obw\u00f3d klatki piersiowej:<b> 90\/100<\/b>\u00a0cm.<\/p>\n<p>\ud83c\udf80obw\u00f3d bioder: <b>94\/105<\/b>\u00a0cm.<\/p>\n<p>Modelka ma wzrost 171 cm<\/p>\n<p><b>Wygoda: <\/b>Lekki i oddychaj\u0105cy materia\u0142.<\/p>\n<p>Ten zestaw stanie si\u0119 Twoim niezawodnym towarzyszem w codziennym \u017cyciu, zapewniaj\u0105c poczucie komfortu i pewno\u015bci w ka\u017cdej sytuacji. Wybierz ten zestaw do domu i spacer\u00f3w, do\u0142\u0105czaj\u0105c do tych, kt\u00f3re ju\u017c doceni\u0142y jego zalety!<\/p>\n<p><b>\ud83e\udd0dPoczuj si\u0119 sob\u0105!<\/b><\/p>\n","protected":false},"excerpt":{"rendered":"<p>Komplet Girl<\/p>\n<p><b>Jako\u015b\u0107 premium, 100% bawe\u0142na, <\/b>zapewnia mi\u0119kko\u015b\u0107 i naturalne odczucie na sk\u00f3rze.<\/p>\n<p><b>Wygoda: <\/b>Lekki i oddychaj\u0105cy materia\u0142.<\/p>\n","protected":false},"featured_media":7956,"comment_status":"open","ping_status":"closed","template":"","meta":[],"product_brand":[],"product_cat":[20,80],"product_tag":[],"class_list":{"0":"post-7947","1":"product","2":"type-product","3":"status-publish","4":"has-post-thumbnail","6":"product_cat-pizamy","7":"product_cat-komplety","9":"first","10":"outofstock","11":"shipping-taxable","12":"purchasable","13":"product-type-simple"},"_links":{"self":[{"href":"https:\/\/chcestore.com\/en\/wp-json\/wp\/v2\/product\/7947","targetHints":{"allow":["GET"]}}],"collection":[{"href":"https:\/\/chcestore.com\/en\/wp-json\/wp\/v2\/product"}],"about":[{"href":"https:\/\/chcestore.com\/en\/wp-json\/wp\/v2\/types\/product"}],"replies":[{"embeddable":true,"href":"https:\/\/chcestore.com\/en\/wp-json\/wp\/v2\/comments?post=7947"}],"version-history":[{"count":3,"href":"https:\/\/chcestore.com\/en\/wp-json\/wp\/v2\/product\/7947\/revisions"}],"predecessor-version":[{"id":7988,"href":"https:\/\/chcestore.com\/en\/wp-json\/wp\/v2\/product\/7947\/revisions\/7988"}],"wp:featuredmedia":[{"embeddable":true,"href":"https:\/\/chcestore.com\/en\/wp-json\/wp\/v2\/media\/7956"}],"wp:attachment":[{"href":"https:\/\/chcestore.com\/en\/wp-json\/wp\/v2\/media?parent=7947"}],"wp:term":[{"taxonomy":"product_brand","embeddable":true,"href":"https:\/\/chcestore.com\/en\/wp-json\/wp\/v2\/product_brand?post=7947"},{"taxonomy":"product_cat","embeddable":true,"href":"https:\/\/chcestore.com\/en\/wp-json\/wp\/v2\/product_cat?post=7947"},{"taxonomy":"product_tag","embeddable":true,"href":"https:\/\/chcestore.com\/en\/wp-json\/wp\/v2\/product_tag?post=7947"}],"curies":[{"name":"wp","href":"https:\/\/api.w.org\/{rel}","templated":true}]}}