{"id":7290,"date":"2025-03-26T12:39:51","date_gmt":"2025-03-26T12:39:51","guid":{"rendered":"https:\/\/chcestore.com\/?post_type=product&#038;p=7290"},"modified":"2025-07-02T16:10:07","modified_gmt":"2025-07-02T16:10:07","slug":"spray-do-domu-hayati-attar-collection","status":"publish","type":"product","link":"https:\/\/chcestore.com\/spray-do-domu-hayati-attar-collection\/","title":{"rendered":"Spray do domu Hayati Attar Collection"},"content":{"rendered":"<h2><strong>Spray do domu Hayati Attar Collection 275ml<\/strong><\/h2>\n<p><span style=\"font-weight: 400;\">Dla tych, kt\u00f3rzy kochaj\u0105 z\u0142o\u017cone, <strong>wielowymiarowe zapachy<\/strong> \u0142\u0105cz\u0105ce <strong>\u015bwie\u017co\u015b\u0107<\/strong> i <strong>ciep\u0142o<\/strong>. Hayati Attar to zapach, kt\u00f3ry otula ci\u0119 swoj\u0105 <strong>g\u0142\u0119bi\u0105<\/strong>, opowiadaj\u0105c histori\u0119 o nami\u0119tnej pi\u0119kno\u015bci, intrydze i kobiecej sile.<\/span><\/p>\n<p><span style=\"font-weight: 400;\"><strong> Intryguj\u0105cy pocz\u0105tek<\/strong>: Na pocz\u0105tku czujesz \u015bwie\u017ce cytrusowe nuty w po\u0142\u0105czeniu z korzennym szafranem, kt\u00f3ry dodaje zapachowi jasno\u015bci i energii. <\/span><\/p>\n<p><span style=\"font-weight: 400;\"><strong>Kwiatowe serce<\/strong>: Wyszukane po\u0142\u0105czenie r\u00f3\u017cy, tuberozy i irysa otwiera si\u0119 niezwyk\u0142\u0105 kobieco\u015bci\u0105, elegancj\u0105 i zmys\u0142owo\u015bci\u0105. <\/span><\/p>\n<p><span style=\"font-weight: 400;\"><strong>Ciep\u0142y i zmys\u0142owy \u015blad<\/strong>: Paczula i drzewo sanda\u0142owe nadaj\u0105 g\u0142\u0119bi\u0119 i cierpko\u015b\u0107, a pi\u017cmo sprawia, \u017ce zapach staje si\u0119 niezapomniany i d\u0142ugotrwa\u0142y, pozostawiaj\u0105c tajemniczy i czaruj\u0105cy \u015blad.<\/span><\/p>\n","protected":false},"excerpt":{"rendered":"<p><strong>Perfumowany<\/strong> i <strong>od\u015bwie\u017caj\u0105cy<\/strong> spray <strong>do pomieszcze\u0144<\/strong> o <strong>wyj\u0105tkowym zapachu<\/strong>. Pomaga <strong>eliminowa\u0107 nieprzyjemne zapachy<\/strong>, tworzy <strong>przyjemn\u0105 atmosfer\u0119<\/strong> i poprawia nastr\u00f3j. Idealny <strong>do domu<\/strong>, <strong>biura<\/strong> i <strong>sypialni<\/strong>. <strong>275 ml.<\/strong><\/p>\n<h2><\/h2>\n","protected":false},"featured_media":7291,"comment_status":"open","ping_status":"closed","template":"","meta":[],"product_brand":[],"product_cat":[24,23],"product_tag":[],"class_list":{"0":"post-7290","1":"product","2":"type-product","3":"status-publish","4":"has-post-thumbnail","6":"product_cat-spraye","7":"product_cat-spraye-do-domu","9":"first","10":"instock","11":"shipping-taxable","12":"purchasable","13":"product-type-simple"},"_links":{"self":[{"href":"https:\/\/chcestore.com\/en\/wp-json\/wp\/v2\/product\/7290","targetHints":{"allow":["GET"]}}],"collection":[{"href":"https:\/\/chcestore.com\/en\/wp-json\/wp\/v2\/product"}],"about":[{"href":"https:\/\/chcestore.com\/en\/wp-json\/wp\/v2\/types\/product"}],"replies":[{"embeddable":true,"href":"https:\/\/chcestore.com\/en\/wp-json\/wp\/v2\/comments?post=7290"}],"version-history":[{"count":1,"href":"https:\/\/chcestore.com\/en\/wp-json\/wp\/v2\/product\/7290\/revisions"}],"predecessor-version":[{"id":7292,"href":"https:\/\/chcestore.com\/en\/wp-json\/wp\/v2\/product\/7290\/revisions\/7292"}],"wp:featuredmedia":[{"embeddable":true,"href":"https:\/\/chcestore.com\/en\/wp-json\/wp\/v2\/media\/7291"}],"wp:attachment":[{"href":"https:\/\/chcestore.com\/en\/wp-json\/wp\/v2\/media?parent=7290"}],"wp:term":[{"taxonomy":"product_brand","embeddable":true,"href":"https:\/\/chcestore.com\/en\/wp-json\/wp\/v2\/product_brand?post=7290"},{"taxonomy":"product_cat","embeddable":true,"href":"https:\/\/chcestore.com\/en\/wp-json\/wp\/v2\/product_cat?post=7290"},{"taxonomy":"product_tag","embeddable":true,"href":"https:\/\/chcestore.com\/en\/wp-json\/wp\/v2\/product_tag?post=7290"}],"curies":[{"name":"wp","href":"https:\/\/api.w.org\/{rel}","templated":true}]}}