{"id":7195,"date":"2025-03-15T10:34:03","date_gmt":"2025-03-15T10:34:03","guid":{"rendered":"https:\/\/chcestore.com\/?post_type=product&#038;p=7195"},"modified":"2025-10-03T17:12:26","modified_gmt":"2025-10-03T17:12:26","slug":"pizama-chloe-krotkie-spodenki-s-m","status":"publish","type":"product","link":"https:\/\/chcestore.com\/pizama-chloe-krotkie-spodenki-s-m\/","title":{"rendered":"Pi\u017cama Chloe (kr\u00f3tkie spodenki) S\/M"},"content":{"rendered":"<h2>\u015aliczny 2-cz\u0119\u015bciowy komplet\/pi\u017cama z kr\u00f3tkimi spodenkami Chloe<\/h2>\n<p><b>Jako\u015b\u0107 premium, 100% bawe\u0142na, <\/b>zapewnia mi\u0119kko\u015b\u0107 i naturalne odczucie na sk\u00f3rze. Wysoka jako\u015b\u0107 tkaniny. \u00a0Bawe\u0142na zapewnia sk\u00f3rze dost\u0119p powietrza i bardzo dobrze odprowadza wilgo\u0107.<\/p>\n<p>Wymiary S\/M<b>:<\/b><\/p>\n<p>\ud83c\udf80talia: <b>62\/70<\/b> cm.<\/p>\n<p>\ud83c\udf80obw\u00f3d klatki piersiowej:\u00a0<b>85\/95<\/b> cm.<\/p>\n<p>\ud83c\udf80obw\u00f3d bioder: <b>90\/98<\/b> cm.<\/p>\n<p>Modelka ma wzrost 171 cm<\/p>\n<p><b>Wygoda: <\/b>Lekki i oddychaj\u0105cy materia\u0142.<\/p>\n<p>Ten zestaw stanie si\u0119 Twoim niezawodnym towarzyszem w codziennym \u017cyciu, zapewniaj\u0105c poczucie komfortu i pewno\u015bci w ka\u017cdej sytuacji. Wybierz ten zestaw do domu i spacer\u00f3w, do\u0142\u0105czaj\u0105c do tych, kt\u00f3re ju\u017c doceni\u0142y jego zalety!<\/p>\n<p><b>\ud83e\udd0dPoczuj si\u0119 sob\u0105!<\/b><\/p>\n","protected":false},"excerpt":{"rendered":"<p>\u015aliczny 2-cz\u0119\u015bciowy komplet\/pi\u017cama Chloe<\/p>\n<p><b>Jako\u015b\u0107 premium, 100% bawe\u0142na, <\/b>zapewnia mi\u0119kko\u015b\u0107 i naturalne odczucie na sk\u00f3rze. Wysoka jako\u015b\u0107 tkaniny. \u00a0Bawe\u0142na zapewnia sk\u00f3rze dost\u0119p powietrza i bardzo dobrze odprowadza wilgo\u0107.<\/p>\n<p><b>Wygoda: <\/b>Lekki i oddychaj\u0105cy materia\u0142.<\/p>\n","protected":false},"featured_media":7196,"comment_status":"open","ping_status":"closed","template":"","meta":[],"product_brand":[],"product_cat":[65,20],"product_tag":[],"class_list":{"0":"post-7195","1":"product","2":"type-product","3":"status-publish","4":"has-post-thumbnail","6":"product_cat-bestsellery","7":"product_cat-pizamy","9":"first","10":"outofstock","11":"shipping-taxable","12":"purchasable","13":"product-type-simple"},"_links":{"self":[{"href":"https:\/\/chcestore.com\/en\/wp-json\/wp\/v2\/product\/7195","targetHints":{"allow":["GET"]}}],"collection":[{"href":"https:\/\/chcestore.com\/en\/wp-json\/wp\/v2\/product"}],"about":[{"href":"https:\/\/chcestore.com\/en\/wp-json\/wp\/v2\/types\/product"}],"replies":[{"embeddable":true,"href":"https:\/\/chcestore.com\/en\/wp-json\/wp\/v2\/comments?post=7195"}],"version-history":[{"count":2,"href":"https:\/\/chcestore.com\/en\/wp-json\/wp\/v2\/product\/7195\/revisions"}],"predecessor-version":[{"id":7915,"href":"https:\/\/chcestore.com\/en\/wp-json\/wp\/v2\/product\/7195\/revisions\/7915"}],"wp:featuredmedia":[{"embeddable":true,"href":"https:\/\/chcestore.com\/en\/wp-json\/wp\/v2\/media\/7196"}],"wp:attachment":[{"href":"https:\/\/chcestore.com\/en\/wp-json\/wp\/v2\/media?parent=7195"}],"wp:term":[{"taxonomy":"product_brand","embeddable":true,"href":"https:\/\/chcestore.com\/en\/wp-json\/wp\/v2\/product_brand?post=7195"},{"taxonomy":"product_cat","embeddable":true,"href":"https:\/\/chcestore.com\/en\/wp-json\/wp\/v2\/product_cat?post=7195"},{"taxonomy":"product_tag","embeddable":true,"href":"https:\/\/chcestore.com\/en\/wp-json\/wp\/v2\/product_tag?post=7195"}],"curies":[{"name":"wp","href":"https:\/\/api.w.org\/{rel}","templated":true}]}}