{"id":7192,"date":"2025-02-16T17:07:52","date_gmt":"2025-02-16T17:07:52","guid":{"rendered":"https:\/\/chcestore.com\/?post_type=product&#038;p=7192"},"modified":"2025-07-02T16:09:16","modified_gmt":"2025-07-02T16:09:16","slug":"spray-do-domu-good-girl-carolina-herrera","status":"publish","type":"product","link":"https:\/\/chcestore.com\/spray-do-domu-good-girl-carolina-herrera\/","title":{"rendered":"Spray do domu Good Girl Carolina Herrera"},"content":{"rendered":"<h2><strong>Spray do domu Good Girl Carolina Herrera 275ml<\/strong><\/h2>\n<p><span style=\"font-weight: 400;\"><strong>Unikalny<\/strong> i <strong>niezapomniany<\/strong> zapach, kt\u00f3ry tworzy <strong>atmosfer\u0119 komfortu<\/strong> i <strong>luksusu<\/strong>, zamieniaj\u0105c tw\u00f3j dom w miejsce, gdzie panuje <strong>harmonia<\/strong> i <strong>styl<\/strong>. <\/span><\/p>\n<p><span style=\"font-weight: 400;\"><strong>Nuty g\u0142owy<\/strong>: Jasne, \u015bwie\u017ce cytrusowe akordy, kt\u00f3re nadaj\u0105 zapachowi energii i lekko\u015bci. Serce: S\u0142odkie kwiatowe nuty ja\u015bminu, r\u00f3\u017cy i bia\u0142ego lotosu, kt\u00f3re odkrywaj\u0105 g\u0142\u0119bi\u0119 i elegancj\u0119 zapachu. <\/span><\/p>\n<p><span style=\"font-weight: 400;\"><strong>Nuty bazy<\/strong>: Mi\u0119kkie i ciep\u0142e drewniane akcenty, kt\u00f3re otulaj\u0105 przestrze\u0144, dodaj\u0105c poczucia przytulno\u015bci i luksusu. Idealny dla tych, kt\u00f3rzy chc\u0105 stworzy\u0107 w swoim domu atmosfer\u0119 elegancji i stylu, z nutami luksusu i kobieco\u015bci.<\/span><\/p>\n<p><span style=\"font-weight: 400;\">Pasuje <strong>do ka\u017cdej przestrzeni<\/strong>, wnosz\u0105c <strong>luksusowy zapach<\/strong> do twojej sypialni, salonu czy \u0142azienki. <\/span><span style=\"font-weight: 400;\">Herrera Good Girl do domu \u2014 to <strong>wi\u0119cej ni\u017c<\/strong> tylko <strong>zapach<\/strong> do domu, to prawdziwy <strong>aromatyczny akcent<\/strong>, kt\u00f3ry dodaje<strong> elegancji<\/strong> i <strong>ciep\u0142a<\/strong> w twojej codziennej przestrzeni.<\/span><\/p>\n","protected":false},"excerpt":{"rendered":"<p><strong>Perfumowany<\/strong> i <strong>od\u015bwie\u017caj\u0105cy<\/strong> spray <strong>do pomieszcze\u0144<\/strong> o <strong>wyj\u0105tkowym zapachu<\/strong>. Pomaga <strong>eliminowa\u0107 nieprzyjemne zapachy<\/strong>, tworzy <strong>przyjemn\u0105 atmosfer\u0119<\/strong> i poprawia nastr\u00f3j. Idealny <strong>do domu<\/strong>, <strong>biura<\/strong> i <strong>sypialni<\/strong>. <strong>275 ml.<\/strong><\/p>\n<h2><\/h2>\n","protected":false},"featured_media":7193,"comment_status":"open","ping_status":"closed","template":"","meta":[],"product_brand":[],"product_cat":[24,23],"product_tag":[],"class_list":{"0":"post-7192","1":"product","2":"type-product","3":"status-publish","4":"has-post-thumbnail","6":"product_cat-spraye","7":"product_cat-spraye-do-domu","9":"first","10":"instock","11":"shipping-taxable","12":"purchasable","13":"product-type-simple"},"_links":{"self":[{"href":"https:\/\/chcestore.com\/en\/wp-json\/wp\/v2\/product\/7192","targetHints":{"allow":["GET"]}}],"collection":[{"href":"https:\/\/chcestore.com\/en\/wp-json\/wp\/v2\/product"}],"about":[{"href":"https:\/\/chcestore.com\/en\/wp-json\/wp\/v2\/types\/product"}],"replies":[{"embeddable":true,"href":"https:\/\/chcestore.com\/en\/wp-json\/wp\/v2\/comments?post=7192"}],"version-history":[{"count":1,"href":"https:\/\/chcestore.com\/en\/wp-json\/wp\/v2\/product\/7192\/revisions"}],"predecessor-version":[{"id":7194,"href":"https:\/\/chcestore.com\/en\/wp-json\/wp\/v2\/product\/7192\/revisions\/7194"}],"wp:featuredmedia":[{"embeddable":true,"href":"https:\/\/chcestore.com\/en\/wp-json\/wp\/v2\/media\/7193"}],"wp:attachment":[{"href":"https:\/\/chcestore.com\/en\/wp-json\/wp\/v2\/media?parent=7192"}],"wp:term":[{"taxonomy":"product_brand","embeddable":true,"href":"https:\/\/chcestore.com\/en\/wp-json\/wp\/v2\/product_brand?post=7192"},{"taxonomy":"product_cat","embeddable":true,"href":"https:\/\/chcestore.com\/en\/wp-json\/wp\/v2\/product_cat?post=7192"},{"taxonomy":"product_tag","embeddable":true,"href":"https:\/\/chcestore.com\/en\/wp-json\/wp\/v2\/product_tag?post=7192"}],"curies":[{"name":"wp","href":"https:\/\/api.w.org\/{rel}","templated":true}]}}