{"id":7189,"date":"2025-02-16T16:47:52","date_gmt":"2025-02-16T16:47:52","guid":{"rendered":"https:\/\/chcestore.com\/?post_type=product&#038;p=7189"},"modified":"2025-07-02T16:09:14","modified_gmt":"2025-07-02T16:09:14","slug":"spray-do-domu-versace-bright-crystal","status":"publish","type":"product","link":"https:\/\/chcestore.com\/spray-do-domu-versace-bright-crystal\/","title":{"rendered":"Spray do domu Versace Bright Crystal"},"content":{"rendered":"<h2><strong>Spray do domu Versace Bright Crystal 275ml<\/strong><\/h2>\n<p><span style=\"font-weight: 400;\"><strong>Wyrafinowany<\/strong>, <strong>\u015bwie\u017cy<\/strong> i<strong> kwiatowo-owocowy<\/strong> zapach. <\/span><\/p>\n<p><span style=\"font-weight: 400;\"><strong>\u015awie\u017cy i iskrz\u0105cy pocz\u0105tek<\/strong>: Yuzu i granat tworz\u0105 energetyczn\u0105 i soczyst\u0105 kompozycj\u0119, kt\u00f3ra dodaje \u015bwie\u017co\u015bci.<\/span><span style=\"font-weight: 400;\"><br \/>\n<\/span><span style=\"font-weight: 400;\"><strong>Kwiatowe serce<\/strong>: Piwonia, magnolia i lotos wnosz\u0105 delikatno\u015b\u0107, wyrafinowanie i lekko\u015b\u0107, przypominaj\u0105c kwitn\u0105cy ogr\u00f3d.<\/span><span style=\"font-weight: 400;\"><br \/>\n<\/span><span style=\"font-weight: 400;\"><strong>G\u0142\u0119boki i ciep\u0142y finisz<\/strong>: Ambra, pi\u017cmo i mahoniowiec ko\u0144cz\u0105 zapach eleganckim i zmys\u0142owym akordem.<\/span><\/p>\n","protected":false},"excerpt":{"rendered":"<p><strong>Perfumowany<\/strong> i <strong>od\u015bwie\u017caj\u0105cy<\/strong> spray <strong>do pomieszcze\u0144<\/strong> o <strong>wyj\u0105tkowym zapachu<\/strong>. Pomaga <strong>eliminowa\u0107 nieprzyjemne zapachy<\/strong>, tworzy <strong>przyjemn\u0105 atmosfer\u0119<\/strong> i poprawia nastr\u00f3j. Idealny <strong>do domu<\/strong>, <strong>biura<\/strong> i <strong>sypialni<\/strong>. <strong>275 ml.<\/strong><\/p>\n<h2><\/h2>\n","protected":false},"featured_media":7190,"comment_status":"open","ping_status":"closed","template":"","meta":[],"product_brand":[],"product_cat":[24,23],"product_tag":[],"class_list":{"0":"post-7189","1":"product","2":"type-product","3":"status-publish","4":"has-post-thumbnail","6":"product_cat-spraye","7":"product_cat-spraye-do-domu","9":"first","10":"instock","11":"shipping-taxable","12":"purchasable","13":"product-type-simple"},"_links":{"self":[{"href":"https:\/\/chcestore.com\/en\/wp-json\/wp\/v2\/product\/7189","targetHints":{"allow":["GET"]}}],"collection":[{"href":"https:\/\/chcestore.com\/en\/wp-json\/wp\/v2\/product"}],"about":[{"href":"https:\/\/chcestore.com\/en\/wp-json\/wp\/v2\/types\/product"}],"replies":[{"embeddable":true,"href":"https:\/\/chcestore.com\/en\/wp-json\/wp\/v2\/comments?post=7189"}],"version-history":[{"count":1,"href":"https:\/\/chcestore.com\/en\/wp-json\/wp\/v2\/product\/7189\/revisions"}],"predecessor-version":[{"id":7191,"href":"https:\/\/chcestore.com\/en\/wp-json\/wp\/v2\/product\/7189\/revisions\/7191"}],"wp:featuredmedia":[{"embeddable":true,"href":"https:\/\/chcestore.com\/en\/wp-json\/wp\/v2\/media\/7190"}],"wp:attachment":[{"href":"https:\/\/chcestore.com\/en\/wp-json\/wp\/v2\/media?parent=7189"}],"wp:term":[{"taxonomy":"product_brand","embeddable":true,"href":"https:\/\/chcestore.com\/en\/wp-json\/wp\/v2\/product_brand?post=7189"},{"taxonomy":"product_cat","embeddable":true,"href":"https:\/\/chcestore.com\/en\/wp-json\/wp\/v2\/product_cat?post=7189"},{"taxonomy":"product_tag","embeddable":true,"href":"https:\/\/chcestore.com\/en\/wp-json\/wp\/v2\/product_tag?post=7189"}],"curies":[{"name":"wp","href":"https:\/\/api.w.org\/{rel}","templated":true}]}}