{"id":7186,"date":"2025-02-16T16:36:00","date_gmt":"2025-02-16T16:36:00","guid":{"rendered":"https:\/\/chcestore.com\/?post_type=product&#038;p=7186"},"modified":"2025-07-02T16:09:13","modified_gmt":"2025-07-02T16:09:13","slug":"spray-do-domu-maison-francis-kurkdjian-baccarat-rouge-540","status":"publish","type":"product","link":"https:\/\/chcestore.com\/spray-do-domu-maison-francis-kurkdjian-baccarat-rouge-540\/","title":{"rendered":"Spray do domu Maison Francis Kurkdjian Baccarat Rouge 540"},"content":{"rendered":"<h2><strong>Spray do domu Maison Francis Kurkdjian Baccarat Rouge 540\u00a0275ml<\/strong><\/h2>\n<p><span style=\"font-weight: 400;\">Legendarna kompozycja, kt\u00f3ra uciele\u015bnia <strong>luksus<\/strong>, <strong>wyrafinowanie<\/strong> i <strong>wsp\u00f3\u0142czesn\u0105 magi\u0119<\/strong>. Jest jak <strong>\u015bwiec\u0105cy kryszta\u0142<\/strong>, kt\u00f3ry odkrywa wielowymiarowo\u015b\u0107 swoich odcieni, <strong>\u0142\u0105cz\u0105c<\/strong> <strong>lekko\u015b\u0107 i g\u0142\u0119boko\u015b\u0107<\/strong>, <strong>s\u0142odycz i drzewn\u0105 elegancj\u0119<\/strong>. To zapach, kt\u00f3ry przypomina o <strong>drogocennych klejnotach<\/strong>: b\u0142yszcz\u0105cy, niezapomniany i wielowymiarowy. Otula ci\u0119 niewidzialn\u0105 aur\u0105 luksusu i pewno\u015bci siebie, pozostawiaj\u0105c wra\u017cenie, kt\u00f3re zostaje na d\u0142ugo. Baccarat Rouge 540 Maison Francis Kurkdjian to <strong>wi\u0119cej ni\u017c zapach<\/strong>. <\/span><\/p>\n","protected":false},"excerpt":{"rendered":"<p><strong>Perfumowany<\/strong> i <strong>od\u015bwie\u017caj\u0105cy<\/strong> spray <strong>do pomieszcze\u0144<\/strong> o <strong>wyj\u0105tkowym zapachu<\/strong>. Pomaga <strong>eliminowa\u0107 nieprzyjemne zapachy<\/strong>, tworzy <strong>przyjemn\u0105 atmosfer\u0119<\/strong> i poprawia nastr\u00f3j. Idealny <strong>do domu<\/strong>, <strong>biura<\/strong> i <strong>sypialni<\/strong>. <strong>275 ml.<\/strong><\/p>\n<h2><\/h2>\n","protected":false},"featured_media":7187,"comment_status":"open","ping_status":"closed","template":"","meta":[],"product_brand":[],"product_cat":[24,23],"product_tag":[],"class_list":{"0":"post-7186","1":"product","2":"type-product","3":"status-publish","4":"has-post-thumbnail","6":"product_cat-spraye","7":"product_cat-spraye-do-domu","9":"first","10":"instock","11":"shipping-taxable","12":"purchasable","13":"product-type-simple"},"_links":{"self":[{"href":"https:\/\/chcestore.com\/en\/wp-json\/wp\/v2\/product\/7186","targetHints":{"allow":["GET"]}}],"collection":[{"href":"https:\/\/chcestore.com\/en\/wp-json\/wp\/v2\/product"}],"about":[{"href":"https:\/\/chcestore.com\/en\/wp-json\/wp\/v2\/types\/product"}],"replies":[{"embeddable":true,"href":"https:\/\/chcestore.com\/en\/wp-json\/wp\/v2\/comments?post=7186"}],"version-history":[{"count":1,"href":"https:\/\/chcestore.com\/en\/wp-json\/wp\/v2\/product\/7186\/revisions"}],"predecessor-version":[{"id":7188,"href":"https:\/\/chcestore.com\/en\/wp-json\/wp\/v2\/product\/7186\/revisions\/7188"}],"wp:featuredmedia":[{"embeddable":true,"href":"https:\/\/chcestore.com\/en\/wp-json\/wp\/v2\/media\/7187"}],"wp:attachment":[{"href":"https:\/\/chcestore.com\/en\/wp-json\/wp\/v2\/media?parent=7186"}],"wp:term":[{"taxonomy":"product_brand","embeddable":true,"href":"https:\/\/chcestore.com\/en\/wp-json\/wp\/v2\/product_brand?post=7186"},{"taxonomy":"product_cat","embeddable":true,"href":"https:\/\/chcestore.com\/en\/wp-json\/wp\/v2\/product_cat?post=7186"},{"taxonomy":"product_tag","embeddable":true,"href":"https:\/\/chcestore.com\/en\/wp-json\/wp\/v2\/product_tag?post=7186"}],"curies":[{"name":"wp","href":"https:\/\/api.w.org\/{rel}","templated":true}]}}