{"id":7180,"date":"2025-02-16T16:20:12","date_gmt":"2025-02-16T16:20:12","guid":{"rendered":"https:\/\/chcestore.com\/?post_type=product&#038;p=7180"},"modified":"2025-07-02T16:09:11","modified_gmt":"2025-07-02T16:09:11","slug":"mgielka-do-ciala-versace-bright-crystal","status":"publish","type":"product","link":"https:\/\/chcestore.com\/mgielka-do-ciala-versace-bright-crystal\/","title":{"rendered":"Mgie\u0142ka do cia\u0142a Versace Bright Crystal"},"content":{"rendered":"<h2><strong>Spray do cia\u0142a Versace Bright Crystal 275ml<\/strong><\/h2>\n<p><span style=\"font-weight: 400;\">W<strong style=\"font-weight: 400;\">yrafinowany<\/strong>, <strong style=\"font-weight: 400;\">\u015bwie\u017cy<\/strong> i <strong>kwiatowo-owocowy<\/strong> zapach, kt\u00f3ry uciele\u015bnia kobieco\u015b\u0107, elegancj\u0119 i naturalne pi\u0119kno. <\/span><\/p>\n<p><span style=\"font-weight: 400;\"><strong>\u015awie\u017cy i iskrz\u0105cy pocz\u0105tek<\/strong>: yuzu i granat tworz\u0105 energetyczn\u0105 i soczyst\u0105 kompozycj\u0119, kt\u00f3ra dodaje \u015bwie\u017co\u015bci.<\/span><span style=\"font-weight: 400;\"><br \/>\n<\/span><span style=\"font-weight: 400;\"><strong>Kwiatowe serce<\/strong>: piwonia, magnolia i lotos wnosz\u0105 delikatno\u015b\u0107, wyrafinowanie i lekko\u015b\u0107, przypominaj\u0105c kwitn\u0105cy ogr\u00f3d.<\/span><span style=\"font-weight: 400;\"><br \/>\n<\/span><span style=\"font-weight: 400;\"><strong>G\u0142\u0119boki i ciep\u0142y finisz<\/strong>: ambra, pi\u017cmo i mahoniowiec ko\u0144cz\u0105 zapach eleganckim i zmys\u0142owym akordem.<\/span><\/p>\n<p><span style=\"font-weight: 400;\">To zapach, kt\u00f3ry <strong>podkre\u015bla<\/strong> twoj\u0105 naturaln\u0105<strong> urod\u0119<\/strong> i sprawia, \u017ce <strong>stajesz si\u0119<\/strong> jeszcze bardziej <strong>promienna<\/strong>!<\/span><\/p>\n","protected":false},"excerpt":{"rendered":"<p><strong>Lekka<\/strong> i <strong>od\u015bwie\u017caj\u0105ca<\/strong> <strong>mgie\u0142ka do cia\u0142a<\/strong> o z\u0142ocistym, uwodzicielskim zapachu. <strong>Nawil\u017ca sk\u00f3r\u0119<\/strong>, nadaj\u0105c jej <strong>zdrowy blask<\/strong>. Idealna do <strong>codziennego u\u017cytku<\/strong>. <strong>275 ml.<\/strong><\/p>\n<h2><\/h2>\n","protected":false},"featured_media":7181,"comment_status":"open","ping_status":"closed","template":"","meta":[],"product_brand":[],"product_cat":[24,21],"product_tag":[],"class_list":{"0":"post-7180","1":"product","2":"type-product","3":"status-publish","4":"has-post-thumbnail","6":"product_cat-spraye","7":"product_cat-spraye-do-ciala","9":"first","10":"instock","11":"shipping-taxable","12":"purchasable","13":"product-type-simple"},"_links":{"self":[{"href":"https:\/\/chcestore.com\/en\/wp-json\/wp\/v2\/product\/7180","targetHints":{"allow":["GET"]}}],"collection":[{"href":"https:\/\/chcestore.com\/en\/wp-json\/wp\/v2\/product"}],"about":[{"href":"https:\/\/chcestore.com\/en\/wp-json\/wp\/v2\/types\/product"}],"replies":[{"embeddable":true,"href":"https:\/\/chcestore.com\/en\/wp-json\/wp\/v2\/comments?post=7180"}],"version-history":[{"count":1,"href":"https:\/\/chcestore.com\/en\/wp-json\/wp\/v2\/product\/7180\/revisions"}],"predecessor-version":[{"id":7182,"href":"https:\/\/chcestore.com\/en\/wp-json\/wp\/v2\/product\/7180\/revisions\/7182"}],"wp:featuredmedia":[{"embeddable":true,"href":"https:\/\/chcestore.com\/en\/wp-json\/wp\/v2\/media\/7181"}],"wp:attachment":[{"href":"https:\/\/chcestore.com\/en\/wp-json\/wp\/v2\/media?parent=7180"}],"wp:term":[{"taxonomy":"product_brand","embeddable":true,"href":"https:\/\/chcestore.com\/en\/wp-json\/wp\/v2\/product_brand?post=7180"},{"taxonomy":"product_cat","embeddable":true,"href":"https:\/\/chcestore.com\/en\/wp-json\/wp\/v2\/product_cat?post=7180"},{"taxonomy":"product_tag","embeddable":true,"href":"https:\/\/chcestore.com\/en\/wp-json\/wp\/v2\/product_tag?post=7180"}],"curies":[{"name":"wp","href":"https:\/\/api.w.org\/{rel}","templated":true}]}}