{"id":7166,"date":"2025-02-16T15:52:14","date_gmt":"2025-02-16T15:52:14","guid":{"rendered":"https:\/\/chcestore.com\/?post_type=product&#038;p=7166"},"modified":"2025-07-02T16:09:05","modified_gmt":"2025-07-02T16:09:05","slug":"mgielka-do-ciala-victorias-secret-bombshell-passion","status":"publish","type":"product","link":"https:\/\/chcestore.com\/mgielka-do-ciala-victorias-secret-bombshell-passion\/","title":{"rendered":"Mgie\u0142ka do cia\u0142a Victoria&#8217;s Secret Bombshell Passion"},"content":{"rendered":"<h2><strong>Spray do cia\u0142a Victoria&#8217;s Secret Bombshell Passion 275ml<\/strong><\/h2>\n<p>Urzekaj\u0105cy zapach pe\u0142en <strong>kobiecej elegancji<\/strong> i <strong>\u015bwie\u017co\u015bci<\/strong>. \u0141\u0105czy soczyst\u0105 czarn\u0105 <strong>porzeczk\u0119<\/strong> z delikatnym aromatem <strong>piwonii<\/strong>, tworz\u0105c harmonijn\u0105, zmys\u0142ow\u0105 kompozycj\u0119. Subtelne, <strong>ciep\u0142e nuty<\/strong> nadaj\u0105 mu <strong>romantyczny<\/strong> i <strong>luksusowy<\/strong> charakter, sprawiaj\u0105c, \u017ce jest idealny zar\u00f3wno <strong>na co dzie\u0144<\/strong>, jak i <strong>na specjalne okazje<\/strong>.<\/p>\n","protected":false},"excerpt":{"rendered":"<p><strong>Lekka<\/strong> i <strong>od\u015bwie\u017caj\u0105ca<\/strong> <strong>mgie\u0142ka do cia\u0142a<\/strong> o z\u0142ocistym, uwodzicielskim zapachu. <strong>Nawil\u017ca sk\u00f3r\u0119<\/strong>, nadaj\u0105c jej <strong>zdrowy blask<\/strong>. Idealna do <strong>codziennego u\u017cytku<\/strong>. <strong>275 ml.<\/strong><\/p>\n<h2><\/h2>\n","protected":false},"featured_media":7167,"comment_status":"open","ping_status":"closed","template":"","meta":[],"product_brand":[],"product_cat":[24,21],"product_tag":[],"class_list":{"0":"post-7166","1":"product","2":"type-product","3":"status-publish","4":"has-post-thumbnail","6":"product_cat-spraye","7":"product_cat-spraye-do-ciala","9":"first","10":"instock","11":"shipping-taxable","12":"purchasable","13":"product-type-simple"},"_links":{"self":[{"href":"https:\/\/chcestore.com\/en\/wp-json\/wp\/v2\/product\/7166","targetHints":{"allow":["GET"]}}],"collection":[{"href":"https:\/\/chcestore.com\/en\/wp-json\/wp\/v2\/product"}],"about":[{"href":"https:\/\/chcestore.com\/en\/wp-json\/wp\/v2\/types\/product"}],"replies":[{"embeddable":true,"href":"https:\/\/chcestore.com\/en\/wp-json\/wp\/v2\/comments?post=7166"}],"version-history":[{"count":1,"href":"https:\/\/chcestore.com\/en\/wp-json\/wp\/v2\/product\/7166\/revisions"}],"predecessor-version":[{"id":7168,"href":"https:\/\/chcestore.com\/en\/wp-json\/wp\/v2\/product\/7166\/revisions\/7168"}],"wp:featuredmedia":[{"embeddable":true,"href":"https:\/\/chcestore.com\/en\/wp-json\/wp\/v2\/media\/7167"}],"wp:attachment":[{"href":"https:\/\/chcestore.com\/en\/wp-json\/wp\/v2\/media?parent=7166"}],"wp:term":[{"taxonomy":"product_brand","embeddable":true,"href":"https:\/\/chcestore.com\/en\/wp-json\/wp\/v2\/product_brand?post=7166"},{"taxonomy":"product_cat","embeddable":true,"href":"https:\/\/chcestore.com\/en\/wp-json\/wp\/v2\/product_cat?post=7166"},{"taxonomy":"product_tag","embeddable":true,"href":"https:\/\/chcestore.com\/en\/wp-json\/wp\/v2\/product_tag?post=7166"}],"curies":[{"name":"wp","href":"https:\/\/api.w.org\/{rel}","templated":true}]}}