{"id":7158,"date":"2025-02-05T16:43:42","date_gmt":"2025-02-05T16:43:42","guid":{"rendered":"https:\/\/chcestore.com\/?post_type=product&#038;p=7158"},"modified":"2025-07-02T16:09:03","modified_gmt":"2025-07-02T16:09:03","slug":"spray-do-wlosow-versace-bright-crystal","status":"publish","type":"product","link":"https:\/\/chcestore.com\/spray-do-wlosow-versace-bright-crystal\/","title":{"rendered":"Spray do w\u0142os\u00f3w Versace Bright Crystal"},"content":{"rendered":"<h2>Spray do w\u0142os\u00f3w Versace Bright Crystal<\/h2>\n<p><span style=\"font-weight: 400;\">To wyrafinowany, <strong>\u015bwie\u017cy i kwiatowo-owocowy<\/strong> zapach, kt\u00f3ry uciele\u015bnia <strong>kobieco\u015b\u0107<\/strong>,<strong> elegancj\u0119 i naturalne pi\u0119kno<\/strong>. <\/span><\/p>\n<p><span style=\"font-weight: 400;\"><strong>\u015awie\u017cy i iskrz\u0105cy pocz\u0105tek<\/strong>: Yuzu i granat tworz\u0105 energetyczn\u0105 i soczyst\u0105 kompozycj\u0119, kt\u00f3ra dodaje \u015bwie\u017co\u015bci.<\/span><span style=\"font-weight: 400;\"><br \/>\n<\/span><span style=\"font-weight: 400;\"><strong>Kwiatowe serce<\/strong>: Piwonia, magnolia i lotos wnosz\u0105 delikatno\u015b\u0107, wyrafinowanie i lekko\u015b\u0107, przypominaj\u0105c kwitn\u0105cy ogr\u00f3d.<\/span><span style=\"font-weight: 400;\"><br \/>\n<\/span><span style=\"font-weight: 400;\"><strong>G\u0142\u0119boki i ciep\u0142y finisz<\/strong>: Ambra, pi\u017cmo i mahoniowiec ko\u0144cz\u0105 zapach eleganckim i zmys\u0142owym akordem.<\/span><\/p>\n<p><span style=\"font-weight: 400;\">To zapach, kt\u00f3ry <strong>podkre\u015bla<\/strong> twoj\u0105 naturaln\u0105 <strong>urod\u0119<\/strong> i sprawia, \u017ce stajesz si\u0119 jeszcze bardziej promienna!<\/span><\/p>\n<p>&nbsp;<\/p>\n","protected":false},"excerpt":{"rendered":"<p>Spray jest <strong>dwufazowy<\/strong>, ma dzia\u0142anie <strong>ochronne<\/strong> oraz przyjemny <strong>zapach<\/strong>. Otula ka\u017cdy w\u0142os niewidzialn\u0105 <strong>warstw\u0105 ochronn\u0105<\/strong>, kt\u00f3ra <strong>chroni<\/strong> przed s\u0142o\u0144cem i agresywnymi czynnikami zewn\u0119trznymi. Dodatkowo <strong>od\u017cywia<\/strong>,<strong> nawil\u017ca i zmi\u0119kcza w\u0142osy<\/strong>. Odpowiedni dla <strong>wszystkich typ\u00f3w w\u0142os\u00f3w<\/strong>. <strong>200 ml.<\/strong><\/p>\n","protected":false},"featured_media":7159,"comment_status":"open","ping_status":"closed","template":"","meta":[],"product_brand":[],"product_cat":[24,51],"product_tag":[],"class_list":{"0":"post-7158","1":"product","2":"type-product","3":"status-publish","4":"has-post-thumbnail","6":"product_cat-spraye","7":"product_cat-spraye-do-wlosow","9":"first","10":"instock","11":"shipping-taxable","12":"purchasable","13":"product-type-simple"},"_links":{"self":[{"href":"https:\/\/chcestore.com\/en\/wp-json\/wp\/v2\/product\/7158","targetHints":{"allow":["GET"]}}],"collection":[{"href":"https:\/\/chcestore.com\/en\/wp-json\/wp\/v2\/product"}],"about":[{"href":"https:\/\/chcestore.com\/en\/wp-json\/wp\/v2\/types\/product"}],"replies":[{"embeddable":true,"href":"https:\/\/chcestore.com\/en\/wp-json\/wp\/v2\/comments?post=7158"}],"version-history":[{"count":1,"href":"https:\/\/chcestore.com\/en\/wp-json\/wp\/v2\/product\/7158\/revisions"}],"predecessor-version":[{"id":7160,"href":"https:\/\/chcestore.com\/en\/wp-json\/wp\/v2\/product\/7158\/revisions\/7160"}],"wp:featuredmedia":[{"embeddable":true,"href":"https:\/\/chcestore.com\/en\/wp-json\/wp\/v2\/media\/7159"}],"wp:attachment":[{"href":"https:\/\/chcestore.com\/en\/wp-json\/wp\/v2\/media?parent=7158"}],"wp:term":[{"taxonomy":"product_brand","embeddable":true,"href":"https:\/\/chcestore.com\/en\/wp-json\/wp\/v2\/product_brand?post=7158"},{"taxonomy":"product_cat","embeddable":true,"href":"https:\/\/chcestore.com\/en\/wp-json\/wp\/v2\/product_cat?post=7158"},{"taxonomy":"product_tag","embeddable":true,"href":"https:\/\/chcestore.com\/en\/wp-json\/wp\/v2\/product_tag?post=7158"}],"curies":[{"name":"wp","href":"https:\/\/api.w.org\/{rel}","templated":true}]}}