{"id":7155,"date":"2025-02-05T16:29:12","date_gmt":"2025-02-05T16:29:12","guid":{"rendered":"https:\/\/chcestore.com\/?post_type=product&#038;p=7155"},"modified":"2025-07-02T16:09:03","modified_gmt":"2025-07-02T16:09:03","slug":"spray-do-wlosow-miss-dior-blooming-bouquet","status":"publish","type":"product","link":"https:\/\/chcestore.com\/spray-do-wlosow-miss-dior-blooming-bouquet\/","title":{"rendered":"Spray do w\u0142os\u00f3w Miss Dior Blooming Bouquet"},"content":{"rendered":"<h2>Spray do w\u0142os\u00f3w Miss Dior Blooming Bouquet<\/h2>\n<p><span style=\"font-weight: 400;\"><strong>Lekki<\/strong>, <strong>romantyczny<\/strong> i wyrafinowany zapach, kt\u00f3ry przypomina bukiet<strong> \u015bwie\u017co \u015bci\u0119tych kwiat\u00f3w<\/strong>, nape\u0142niaj\u0105c dzie\u0144 <strong>lekko\u015bci\u0105 i subtelnym<\/strong> urokiem.<\/span><\/p>\n<p><span style=\"font-weight: 400;\"><strong> Jasny i cytrusowy pocz\u0105tek<\/strong>: Delikatna mandarynka otwiera zapach \u015bwie\u017cym i orze\u017awiaj\u0105cym akordem.<\/span><span style=\"font-weight: 400;\"><br \/>\n<\/span><span style=\"font-weight: 400;\"><strong>Kwiatowe serce<\/strong>: Piwonia i r\u00f3\u017ca damasce\u0144ska nadaj\u0105 zapachowi elegancji i mi\u0119kko\u015bci, tworz\u0105c efekt luksusowego bukietu kwiatowego.<\/span><span style=\"font-weight: 400;\"><br \/>\n<\/span><span style=\"font-weight: 400;\"><strong>Delikatny \u015blad<\/strong>: Bia\u0142y pi\u017cmo dope\u0142nia kompozycj\u0119 subteln\u0105, pudrow\u0105 nut\u0105, kt\u00f3ra daje ciep\u0142o i zmys\u0142owo\u015b\u0107. To zapach, kt\u00f3ry przypomina \u015bwit w kwitn\u0105cym ogrodzie. Jest pe\u0142en rado\u015bci, optymizmu i zmys\u0142owo\u015bci. Stanie si\u0119 nieod\u0142\u0105czn\u0105 cz\u0119\u015bci\u0105 Twojego wizerunku, podkre\u015blaj\u0105c Twoje naturalne pi\u0119kno i wyrafinowanie. Miss Dior Blooming Bouquet to wi\u0119cej ni\u017c zapach. To Tw\u00f3j <strong>codzienny komplement od Dior<\/strong>!<\/span><\/p>\n<p>&nbsp;<\/p>\n","protected":false},"excerpt":{"rendered":"<p>Spray jest <strong>dwufazowy<\/strong>, ma dzia\u0142anie <strong>ochronne<\/strong> oraz przyjemny <strong>zapach<\/strong>. Otula ka\u017cdy w\u0142os niewidzialn\u0105 <strong>warstw\u0105 ochronn\u0105<\/strong>, kt\u00f3ra <strong>chroni<\/strong> przed s\u0142o\u0144cem i agresywnymi czynnikami zewn\u0119trznymi. Dodatkowo <strong>od\u017cywia<\/strong>,<strong> nawil\u017ca i zmi\u0119kcza w\u0142osy<\/strong>. Odpowiedni dla <strong>wszystkich typ\u00f3w w\u0142os\u00f3w<\/strong>. <strong>200 ml.<\/strong><\/p>\n","protected":false},"featured_media":7156,"comment_status":"open","ping_status":"closed","template":"","meta":[],"product_brand":[],"product_cat":[24,51],"product_tag":[],"class_list":{"0":"post-7155","1":"product","2":"type-product","3":"status-publish","4":"has-post-thumbnail","6":"product_cat-spraye","7":"product_cat-spraye-do-wlosow","9":"first","10":"instock","11":"shipping-taxable","12":"purchasable","13":"product-type-simple"},"_links":{"self":[{"href":"https:\/\/chcestore.com\/en\/wp-json\/wp\/v2\/product\/7155","targetHints":{"allow":["GET"]}}],"collection":[{"href":"https:\/\/chcestore.com\/en\/wp-json\/wp\/v2\/product"}],"about":[{"href":"https:\/\/chcestore.com\/en\/wp-json\/wp\/v2\/types\/product"}],"replies":[{"embeddable":true,"href":"https:\/\/chcestore.com\/en\/wp-json\/wp\/v2\/comments?post=7155"}],"version-history":[{"count":1,"href":"https:\/\/chcestore.com\/en\/wp-json\/wp\/v2\/product\/7155\/revisions"}],"predecessor-version":[{"id":7157,"href":"https:\/\/chcestore.com\/en\/wp-json\/wp\/v2\/product\/7155\/revisions\/7157"}],"wp:featuredmedia":[{"embeddable":true,"href":"https:\/\/chcestore.com\/en\/wp-json\/wp\/v2\/media\/7156"}],"wp:attachment":[{"href":"https:\/\/chcestore.com\/en\/wp-json\/wp\/v2\/media?parent=7155"}],"wp:term":[{"taxonomy":"product_brand","embeddable":true,"href":"https:\/\/chcestore.com\/en\/wp-json\/wp\/v2\/product_brand?post=7155"},{"taxonomy":"product_cat","embeddable":true,"href":"https:\/\/chcestore.com\/en\/wp-json\/wp\/v2\/product_cat?post=7155"},{"taxonomy":"product_tag","embeddable":true,"href":"https:\/\/chcestore.com\/en\/wp-json\/wp\/v2\/product_tag?post=7155"}],"curies":[{"name":"wp","href":"https:\/\/api.w.org\/{rel}","templated":true}]}}