{"id":7143,"date":"2025-02-04T18:12:37","date_gmt":"2025-02-04T18:12:37","guid":{"rendered":"https:\/\/chcestore.com\/?post_type=product&#038;p=7143"},"modified":"2025-07-02T16:09:00","modified_gmt":"2025-07-02T16:09:00","slug":"spray-do-wlosow-tom-ford-sherry-smoke","status":"publish","type":"product","link":"https:\/\/chcestore.com\/spray-do-wlosow-tom-ford-sherry-smoke\/","title":{"rendered":"Spray do w\u0142os\u00f3w Tom Ford \u0421herry Smoke"},"content":{"rendered":"<h2>Spray do w\u0142os\u00f3w Tom Ford \u0421herry Smoke 200 ml<\/h2>\n<p><span style=\"font-weight: 400;\">Zapach <strong>prowokacji<\/strong>, kt\u00f3ry otula swoj\u0105<strong> tajemniczo\u015bci\u0105<\/strong> i <strong>pewno\u015bci\u0105 siebie<\/strong>. Cherry Smoke ods\u0142ania charakter <strong>\u015bmia\u0142ego<\/strong>, <strong>zmys\u0142owego i tajemniczego wizerunku<\/strong>, kt\u00f3ry oczarowuje od pierwszego momentu. To wi\u0119cej ni\u017c zapach. To <strong>historia<\/strong> pasji, tajemniczo\u015bci i harmonii przeciwie\u0144stw. <strong>Wyszukany <\/strong>zapach, kt\u00f3ry <strong>\u0142\u0105czy<\/strong> s\u0142odycz <strong>dojrza\u0142ej wi\u015bni<\/strong> z dymnymi i przyprawowymi <strong>akordami<\/strong>.<\/span><span style=\"font-weight: 400;\"><br \/>\n<\/span><span style=\"font-weight: 400;\"><strong>S\u0142odki i owocowy<\/strong> pocz\u0105tek: Dojrza\u0142a, soczysta <strong>wi\u015bnia<\/strong> wprowadza zapach g\u0142\u0119bok\u0105 s\u0142odycz\u0105, kt\u00f3ra natychmiast przyci\u0105ga uwag\u0119.<\/span><span style=\"font-weight: 400;\"><br \/>\n<\/span><span style=\"font-weight: 400;\"><strong>Kwiatowo-przyprawowe serce<\/strong>: Osmanthus i ja\u015bmin dodaj\u0105 wyrafinowanej kwiatowej delikatno\u015bci, balansuj\u0105c s\u0142odycz.<\/span><span style=\"font-weight: 400;\"><br \/>\n<\/span><span style=\"font-weight: 400;\"><strong>Dymna, zmys\u0142owa baza<\/strong>: \u015alad dymnych nut, drewna i balsamu tworzy intensywne i ciep\u0142e wyko\u0144czenie, kt\u00f3re otula tajemniczo\u015bci\u0105 i urokiem.<\/span><\/p>\n","protected":false},"excerpt":{"rendered":"<p>Spray jest <strong>dwufazowy<\/strong>, ma dzia\u0142anie <strong>ochronne<\/strong> oraz przyjemny <strong>zapach<\/strong>. Otula ka\u017cdy w\u0142os niewidzialn\u0105 <strong>warstw\u0105 ochronn\u0105<\/strong>, kt\u00f3ra <strong>chroni<\/strong> przed s\u0142o\u0144cem i agresywnymi czynnikami zewn\u0119trznymi. Dodatkowo <strong>od\u017cywia<\/strong>,<strong> nawil\u017ca i zmi\u0119kcza w\u0142osy<\/strong>. Odpowiedni dla <strong>wszystkich typ\u00f3w w\u0142os\u00f3w<\/strong>. <strong>200 ml.<\/strong><\/p>\n","protected":false},"featured_media":7144,"comment_status":"open","ping_status":"closed","template":"","meta":[],"product_brand":[],"product_cat":[24,51],"product_tag":[],"class_list":{"0":"post-7143","1":"product","2":"type-product","3":"status-publish","4":"has-post-thumbnail","6":"product_cat-spraye","7":"product_cat-spraye-do-wlosow","9":"first","10":"instock","11":"shipping-taxable","12":"purchasable","13":"product-type-simple"},"_links":{"self":[{"href":"https:\/\/chcestore.com\/en\/wp-json\/wp\/v2\/product\/7143","targetHints":{"allow":["GET"]}}],"collection":[{"href":"https:\/\/chcestore.com\/en\/wp-json\/wp\/v2\/product"}],"about":[{"href":"https:\/\/chcestore.com\/en\/wp-json\/wp\/v2\/types\/product"}],"replies":[{"embeddable":true,"href":"https:\/\/chcestore.com\/en\/wp-json\/wp\/v2\/comments?post=7143"}],"version-history":[{"count":1,"href":"https:\/\/chcestore.com\/en\/wp-json\/wp\/v2\/product\/7143\/revisions"}],"predecessor-version":[{"id":7145,"href":"https:\/\/chcestore.com\/en\/wp-json\/wp\/v2\/product\/7143\/revisions\/7145"}],"wp:featuredmedia":[{"embeddable":true,"href":"https:\/\/chcestore.com\/en\/wp-json\/wp\/v2\/media\/7144"}],"wp:attachment":[{"href":"https:\/\/chcestore.com\/en\/wp-json\/wp\/v2\/media?parent=7143"}],"wp:term":[{"taxonomy":"product_brand","embeddable":true,"href":"https:\/\/chcestore.com\/en\/wp-json\/wp\/v2\/product_brand?post=7143"},{"taxonomy":"product_cat","embeddable":true,"href":"https:\/\/chcestore.com\/en\/wp-json\/wp\/v2\/product_cat?post=7143"},{"taxonomy":"product_tag","embeddable":true,"href":"https:\/\/chcestore.com\/en\/wp-json\/wp\/v2\/product_tag?post=7143"}],"curies":[{"name":"wp","href":"https:\/\/api.w.org\/{rel}","templated":true}]}}