{"id":7123,"date":"2025-02-04T17:50:49","date_gmt":"2025-02-04T17:50:49","guid":{"rendered":"https:\/\/chcestore.com\/?post_type=product&#038;p=7123"},"modified":"2025-07-27T08:11:53","modified_gmt":"2025-07-27T08:11:53","slug":"stickers-amore","status":"publish","type":"product","link":"https:\/\/chcestore.com\/stickers-amore\/","title":{"rendered":"Stickers Amore"},"content":{"rendered":"<h3><strong>Naklejki Amore<\/strong><\/h3>\n<p><span style=\"font-weight: 400;\">Hej, girls! Nasze stickers 3D &#8211; <strong>wodoodporne<\/strong>.<strong> Zachowuj\u0105 kolor<\/strong> przez d\u0142ugi czas. M<\/span><span style=\"font-weight: 400;\">o\u017cna <\/span><span style=\"font-weight: 400;\">odkleja\u0107 i przykleja\u0107 <strong>ponownie<\/strong>, <strong>nie pozostawiaj\u0105 \u015blad\u00f3w<\/strong> kleju.<\/span><\/p>\n<p>Naklejki mo\u017cna przykleja\u0107 <strong>na etui telefonu<\/strong>, <strong>laptopa<\/strong> i w\u0142a\u015bciwie <strong>na wszystko<\/strong>, co tylko chcesz!<\/p>\n","protected":false},"excerpt":{"rendered":"<p><span style=\"font-weight: 400;\">Stickers <strong>3D<\/strong> &#8211; <strong>wodoodporne<\/strong>. <strong>Zachowuj\u0105 kolor<\/strong> przez d\u0142ugi czas. M<\/span><span style=\"font-weight: 400;\">o\u017cna <\/span><span style=\"font-weight: 400;\"><strong>odkleja\u0107 i przykleja\u0107<\/strong> ponownie, <strong>nie pozostawiaj\u0105 \u015blad\u00f3w<\/strong> kleju.<\/span><\/p>\n","protected":false},"featured_media":7879,"comment_status":"open","ping_status":"closed","template":"","meta":[],"product_brand":[],"product_cat":[52],"product_tag":[],"class_list":{"0":"post-7123","1":"product","2":"type-product","3":"status-publish","4":"has-post-thumbnail","6":"product_cat-stickers","8":"first","9":"instock","10":"shipping-taxable","11":"purchasable","12":"product-type-simple"},"_links":{"self":[{"href":"https:\/\/chcestore.com\/en\/wp-json\/wp\/v2\/product\/7123","targetHints":{"allow":["GET"]}}],"collection":[{"href":"https:\/\/chcestore.com\/en\/wp-json\/wp\/v2\/product"}],"about":[{"href":"https:\/\/chcestore.com\/en\/wp-json\/wp\/v2\/types\/product"}],"replies":[{"embeddable":true,"href":"https:\/\/chcestore.com\/en\/wp-json\/wp\/v2\/comments?post=7123"}],"version-history":[{"count":2,"href":"https:\/\/chcestore.com\/en\/wp-json\/wp\/v2\/product\/7123\/revisions"}],"predecessor-version":[{"id":7874,"href":"https:\/\/chcestore.com\/en\/wp-json\/wp\/v2\/product\/7123\/revisions\/7874"}],"wp:featuredmedia":[{"embeddable":true,"href":"https:\/\/chcestore.com\/en\/wp-json\/wp\/v2\/media\/7879"}],"wp:attachment":[{"href":"https:\/\/chcestore.com\/en\/wp-json\/wp\/v2\/media?parent=7123"}],"wp:term":[{"taxonomy":"product_brand","embeddable":true,"href":"https:\/\/chcestore.com\/en\/wp-json\/wp\/v2\/product_brand?post=7123"},{"taxonomy":"product_cat","embeddable":true,"href":"https:\/\/chcestore.com\/en\/wp-json\/wp\/v2\/product_cat?post=7123"},{"taxonomy":"product_tag","embeddable":true,"href":"https:\/\/chcestore.com\/en\/wp-json\/wp\/v2\/product_tag?post=7123"}],"curies":[{"name":"wp","href":"https:\/\/api.w.org\/{rel}","templated":true}]}}