{"id":6999,"date":"2025-01-29T16:13:17","date_gmt":"2025-01-29T16:13:17","guid":{"rendered":"https:\/\/chcestore.com\/?post_type=product&#038;p=6999"},"modified":"2025-07-02T16:08:11","modified_gmt":"2025-07-02T16:08:11","slug":"pizama-eve-s-m","status":"publish","type":"product","link":"https:\/\/chcestore.com\/pizama-eve-s-m\/","title":{"rendered":"Pi\u017cama Eve S\/M"},"content":{"rendered":"<h2>Stylowa 2-cz\u0119\u015bciowa pi\u017cama\/komplet Eve<\/h2>\n<p><b>Jako\u015b\u0107 premium<\/b>. Materia\u0142: <b>100% bawe\u0142na<\/b>. Zanurz si\u0119 w delikatno\u015b\u0107 i komfort dzi\u0119ki naszym oversize pi\u017camom, kt\u00f3re otul\u0105 Ci\u0119 wygod\u0105 i stylem. Wykonana z <b>najlepszych materia\u0142\u00f3w<\/b>, \u0142\u0105cz\u0105 w sobie <b>mi\u0119kko\u015b\u0107 <\/b>i <b>lekko\u015b\u0107<\/b> z ciep\u0142em oraz przytulno\u015bci\u0105 Twojego ulubionego stroju do spania.<\/p>\n<p>Wymiary<b> S\/M:<\/b><\/p>\n<p>\ud83c\udf80talia: <b>65\/73<\/b>\u00a0cm<\/p>\n<p>\ud83c\udf80obw\u00f3d klatki piersiowej:\u00a0<b>85\/95<\/b> cm<\/p>\n<p>\ud83c\udf80obw\u00f3d bioder: <b>94\/100<\/b>\u00a0cm<\/p>\n<p><b>Wygoda: <\/b>Lekki i oddychaj\u0105cy materia\u0142.<\/p>\n<p>Wyrafinowany design i niezr\u00f3wnany komfort sprawi\u0105, \u017ce ka\u017cdy Tw\u00f3j dzie\u0144 b\u0119dzie wyj\u0105tkowy. Pozw\u00f3l sobie zanurzy\u0107 si\u0119 w \u015bwiat marze\u0144 i relaksu z naszymi pi\u017camami.<\/p>\n<p><b>\ud83e\udd0dPoczuj si\u0119 sob\u0105!<\/b><\/p>\n","protected":false},"excerpt":{"rendered":"<p>Stylowa 2-cz\u0119\u015bciowa pi\u017cama\/komplet Eve<\/p>\n<p><b>Jako\u015b\u0107 premium<\/b>. Materia\u0142: <b>100% bawe\u0142na<\/b>. Zanurz si\u0119 w delikatno\u015b\u0107 i komfort dzi\u0119ki naszym oversize pi\u017camom, kt\u00f3re otul\u0105 Ci\u0119 wygod\u0105 i stylem. Wykonana z <b>najlepszych materia\u0142\u00f3w<\/b>, \u0142\u0105cz\u0105 w sobie <b>mi\u0119kko\u015b\u0107 <\/b>i <b>lekko\u015b\u0107<\/b> z ciep\u0142em oraz przytulno\u015bci\u0105 Twojego ulubionego stroju do spania.<\/p>\n<p><b>Wygoda: <\/b>Lekki i oddychaj\u0105cy materia\u0142.<\/p>\n","protected":false},"featured_media":7000,"comment_status":"open","ping_status":"closed","template":"","meta":[],"product_brand":[],"product_cat":[20],"product_tag":[],"class_list":{"0":"post-6999","1":"product","2":"type-product","3":"status-publish","4":"has-post-thumbnail","6":"product_cat-pizamy","8":"first","9":"outofstock","10":"shipping-taxable","11":"purchasable","12":"product-type-simple"},"_links":{"self":[{"href":"https:\/\/chcestore.com\/en\/wp-json\/wp\/v2\/product\/6999","targetHints":{"allow":["GET"]}}],"collection":[{"href":"https:\/\/chcestore.com\/en\/wp-json\/wp\/v2\/product"}],"about":[{"href":"https:\/\/chcestore.com\/en\/wp-json\/wp\/v2\/types\/product"}],"replies":[{"embeddable":true,"href":"https:\/\/chcestore.com\/en\/wp-json\/wp\/v2\/comments?post=6999"}],"version-history":[{"count":1,"href":"https:\/\/chcestore.com\/en\/wp-json\/wp\/v2\/product\/6999\/revisions"}],"predecessor-version":[{"id":7002,"href":"https:\/\/chcestore.com\/en\/wp-json\/wp\/v2\/product\/6999\/revisions\/7002"}],"wp:featuredmedia":[{"embeddable":true,"href":"https:\/\/chcestore.com\/en\/wp-json\/wp\/v2\/media\/7000"}],"wp:attachment":[{"href":"https:\/\/chcestore.com\/en\/wp-json\/wp\/v2\/media?parent=6999"}],"wp:term":[{"taxonomy":"product_brand","embeddable":true,"href":"https:\/\/chcestore.com\/en\/wp-json\/wp\/v2\/product_brand?post=6999"},{"taxonomy":"product_cat","embeddable":true,"href":"https:\/\/chcestore.com\/en\/wp-json\/wp\/v2\/product_cat?post=6999"},{"taxonomy":"product_tag","embeddable":true,"href":"https:\/\/chcestore.com\/en\/wp-json\/wp\/v2\/product_tag?post=6999"}],"curies":[{"name":"wp","href":"https:\/\/api.w.org\/{rel}","templated":true}]}}